{"id":13810,"date":"2026-01-10T16:29:07","date_gmt":"2026-01-10T16:29:07","guid":{"rendered":"https:\/\/www.duzgit.com\/?page_id=13810"},"modified":"2026-02-17T18:42:29","modified_gmt":"2026-02-17T18:42:29","slug":"history","status":"publish","type":"page","link":"https:\/\/www.duzgit.com\/tr\/history\/","title":{"rendered":"Tarih\u00e7emiz"},"content":{"rendered":"<div data-elementor-type=\"wp-page\" data-elementor-id=\"13810\" class=\"elementor elementor-13810\">\n\t\t\t\t        <section class=\"elementor-section elementor-top-section elementor-element elementor-element-fb92068 elementor-section-stretched elementor-section-boxed elementor-section-height-default elementor-section-height-default pxl-row-scroll-none pxl-section-overflow-visible pxl-bg-color-none pxl-section-overlay-none\" data-id=\"fb92068\" data-element_type=\"section\" data-e-type=\"section\" data-settings=\"{&quot;stretch_section&quot;:&quot;section-stretched&quot;}\">\n\n                \n                <div class=\"elementor-container elementor-column-gap-extended\">\n                <div class=\"elementor-column elementor-col-100 elementor-top-column elementor-element elementor-element-9cc0c98 pxl-column-none pxl-column-overflow-hidden-no\" data-id=\"9cc0c98\" data-element_type=\"column\" data-e-type=\"column\">\r\n        <div class=\"elementor-widget-wrap elementor-element-populated\">\r\n                     \r\n        \t\t<div class=\"elementor-element elementor-element-b51701e elementor-widget elementor-widget-pxl_history\" data-id=\"b51701e\" data-element_type=\"widget\" data-e-type=\"widget\" data-widget_type=\"pxl_history.default\">\n\t\t\t\t<div class=\"elementor-widget-container\">\n\t\t\t\t\t<div class=\"pxl-history\">\n    <div class=\"pxl-history-1\" data-wow-delay=\"ms\">\n                <div class=\"corner-box  elementor-repeater-item-ea70f87\">\n        <div class=\"wrap-content\">\n            <div class=\"box-1\">\n                <div class=\"title\">1961<\/div>\n                <div class=\"desc\">Kurucu Salim D\u00fczgit, daha \u00f6nceki y\u0131llarda bal\u0131k\u00e7\u0131l\u0131k yapt\u0131ktan sonra, profesyonel denizcilik kariyerine Kemal \u00d6zgen &amp; \u0130smail Esen Gemi Acentesi'nde yard\u0131mc\u0131 tekne kaptan\u0131 olarak ba\u015flad\u0131 ve \u0130stanbul Bo\u011faz\u0131'nda gemi operasyonlar\u0131 konusunda ilk elden deneyim kazand\u0131.\n\n<br><\/br>\n<img decoding=\"async\" src=\"https:\/\/www.duzgit.com\/wp-content\/uploads\/2026\/01\/1962-history-1.jpg\"\n     alt=\"\"\n     style=\"border-radius:25px;\"><\/div>\n            <\/div>\n            <div class=\"step\">1<\/div>\n            <div class=\"box-2\">\n                <div class=\"date\"><\/div>\n                <div class=\"subtitle\"><\/div>\n            <\/div>\n        <\/div>\n    <\/div>\n            <div class=\"corner-box  elementor-repeater-item-df6dc00\">\n        <div class=\"wrap-content\">\n            <div class=\"box-1\">\n                <div class=\"title\">01 May\u0131s 1966<\/div>\n                <div class=\"desc\">\u00d6nemli bir m\u00fc\u015fteri olan Bumerang Vapur Acentas\u0131'n\u0131n sahibi Say\u0131n Arif Erten'in te\u015fvikiyle Salim D\u00fczgit, \u0130stanbul Bo\u011faz\u0131 Vapur Hizmetleri'ni (\u0130stanbul Bo\u011faz\u0131 Gemi Hizmetleri) kurdu ve daha sonra D\u00fczgit Grubu'na d\u00f6n\u00fc\u015fecek olan\u0131n temellerini att\u0131.\n<br><\/br>\n<img decoding=\"async\" src=\"https:\/\/www.duzgit.com\/wp-content\/uploads\/2026\/01\/1966history-2-scaled-1.jpg\"\n     alt=\"\"\n     style=\"border-radius:25px;\"><\/div>\n            <\/div>\n            <div class=\"step\">2<\/div>\n            <div class=\"box-2\">\n                <div class=\"date\"><\/div>\n                <div class=\"subtitle\"><\/div>\n            <\/div>\n        <\/div>\n    <\/div>\n            <div class=\"corner-box  elementor-repeater-item-791ba3b\">\n        <div class=\"wrap-content\">\n            <div class=\"box-1\">\n                <div class=\"title\">1967<\/div>\n                <div class=\"desc\">Grubun ilk hizmet gemisi olan \"Nuhrevan\"\u0131n teslimat\u0131, sorunsuz ve istikrarl\u0131 bir seyri simgeliyor ve g\u00fcvenilirlik ve s\u00fcreklilik operasyonel felsefesini belirliyor.\n\n<br><\/br>\n<img decoding=\"async\" src=\"https:\/\/www.duzgit.com\/wp-content\/uploads\/2026\/01\/1967-history-3.jpg\"\n     alt=\"\"\n     style=\"border-radius:25px;\"><\/div>\n            <\/div>\n            <div class=\"step\">3<\/div>\n            <div class=\"box-2\">\n                <div class=\"date\"><\/div>\n                <div class=\"subtitle\"><\/div>\n            <\/div>\n        <\/div>\n    <\/div>\n            <div class=\"corner-box  elementor-repeater-item-a1ec485\">\n        <div class=\"wrap-content\">\n            <div class=\"box-1\">\n                <div class=\"title\">1973<\/div>\n                <div class=\"desc\">D\u00fczgit Ticaret kuruldu ve denizcilik ya\u011flay\u0131c\u0131lar\u0131 tedarik sekt\u00f6r\u00fcne girerek Mobil (sonradan ExxonMobil), Shell, BP ve Petrol Ofisi gibi \u00f6nde gelen markalar\u0131n distrib\u00fct\u00f6r\u00fc oldu.\n\n<br><\/br>\n<img decoding=\"async\" src=\"https:\/\/www.duzgit.com\/wp-content\/uploads\/2026\/01\/1975-history-4.jpg\"\n     alt=\"\"\n     style=\"border-radius:25px;\"><\/div>\n            <\/div>\n            <div class=\"step\">4<\/div>\n            <div class=\"box-2\">\n                <div class=\"date\"><\/div>\n                <div class=\"subtitle\"><\/div>\n            <\/div>\n        <\/div>\n    <\/div>\n            <div class=\"corner-box  elementor-repeater-item-6da5f3f\">\n        <div class=\"wrap-content\">\n            <div class=\"box-1\">\n                <div class=\"title\">1984\u20131988<\/div>\n                <div class=\"desc\">\u00c7anakkale'ye yay\u0131lma, gemi acenteli\u011fi ve g\u00fcmr\u00fcks\u00fcz sat\u0131\u015f ma\u011fazas\u0131 faaliyetlerinin kurulmas\u0131 ve Grubun varl\u0131\u011f\u0131n\u0131n her iki T\u00fcrk Bo\u011faz\u0131na da geni\u015fletilmesi.\n<center>\n<img decoding=\"async\" src=\"https:\/\/www.duzgit.com\/wp-content\/uploads\/2026\/01\/1988-Duzkoc-history-5.jpg\"\n     alt=\"\"\n     style=\"border-radius:25px;\">\n<br><\/br>\n<img decoding=\"async\" src=\"https:\/\/www.duzgit.com\/wp-content\/uploads\/2026\/01\/1984-Duzgit-Canakkale-history-4.jpg\"\n     alt=\"\"\n     style=\"border-radius:25px;\"><\/center><\/div>\n            <\/div>\n            <div class=\"step\">5<\/div>\n            <div class=\"box-2\">\n                <div class=\"date\"><\/div>\n                <div class=\"subtitle\"><\/div>\n            <\/div>\n        <\/div>\n    <\/div>\n            <div class=\"corner-box  elementor-repeater-item-98c0796\">\n        <div class=\"wrap-content\">\n            <div class=\"box-1\">\n                <div class=\"title\">1997<\/div>\n                <div class=\"desc\">Grubun ilk gemisi olan \"B\u00fcy\u00fckdere\" adl\u0131 genel kargo gemisinin sat\u0131n al\u0131nmas\u0131yla gemi sahipli\u011fine giri\u015f yap\u0131ld\u0131.\n\n<br><\/br>\n<img decoding=\"async\" src=\"https:\/\/www.duzgit.com\/wp-content\/uploads\/2026\/01\/1997-MV-Buyukdere.jpg\"\n     alt=\"\"\n     style=\"border-radius:25px;\"><\/div>\n            <\/div>\n            <div class=\"step\">6<\/div>\n            <div class=\"box-2\">\n                <div class=\"date\"><\/div>\n                <div class=\"subtitle\"><\/div>\n            <\/div>\n        <\/div>\n    <\/div>\n            <div class=\"corner-box  elementor-repeater-item-8485c2e\">\n        <div class=\"wrap-content\">\n            <div class=\"box-1\">\n                <div class=\"title\">1999<\/div>\n                <div class=\"desc\">D\u00fczgit Gemi \u0130n\u015fa taraf\u0131ndan in\u015fa edilen Deniz Harp Okulu E\u011fitim Botlar\u0131n\u0131n Milli Savunma Bakanl\u0131\u011f\u0131na teslim edilmesiyle, gemi in\u015fa ve savunma sekt\u00f6r\u00fcndeki yetkinliklerin kan\u0131tlanmas\u0131.\n\n<br><\/br>\n<img decoding=\"async\" src=\"https:\/\/www.duzgit.com\/wp-content\/uploads\/2026\/01\/1999.jpg\"\n     alt=\"\"\n     style=\"border-radius:25px;\"><\/div>\n            <\/div>\n            <div class=\"step\">7<\/div>\n            <div class=\"box-2\">\n                <div class=\"date\"><\/div>\n                <div class=\"subtitle\"><\/div>\n            <\/div>\n        <\/div>\n    <\/div>\n            <div class=\"corner-box  elementor-repeater-item-58e3368\">\n        <div class=\"wrap-content\">\n            <div class=\"box-1\">\n                <div class=\"title\">2002<\/div>\n                <div class=\"desc\">\nMarmara b\u00f6lgesindeki se\u00e7kin tersaneler kullan\u0131larak, 3.150 DWT ile 30.000 DWT aras\u0131nda de\u011fi\u015fen kimyasal ve petrol tankerlerinin in\u015fas\u0131na ba\u015flanmas\u0131 ve teslimat\u0131.\n\n<br><\/br>\n<img decoding=\"async\" src=\"https:\/\/www.duzgit.com\/wp-content\/uploads\/2026\/01\/2002.jpg\"\n     alt=\"\"\n     style=\"border-radius:25px;\">\n<\/div>\n            <\/div>\n            <div class=\"step\">8<\/div>\n            <div class=\"box-2\">\n                <div class=\"date\"><\/div>\n                <div class=\"subtitle\"><\/div>\n            <\/div>\n        <\/div>\n    <\/div>\n            <div class=\"corner-box  elementor-repeater-item-a0a9bfa\">\n        <div class=\"wrap-content\">\n            <div class=\"box-1\">\n                <div class=\"title\">2005\n<\/div>\n                <div class=\"desc\">Gemi acentelik operasyonlar\u0131n\u0131n \u0130stanbul'da D\u00fczgit Vapur Hizmetleri ve \u00c7anakkale'de Denizciler D\u00fczgit \u00e7at\u0131s\u0131 alt\u0131nda birle\u015ftirilmesi ve Zeyport, Zeytinburnu'nda GEMTAC'\u0131n kurulmas\u0131.\n<center>\n<img decoding=\"async\" src=\"https:\/\/www.duzgit.com\/wp-content\/uploads\/2026\/01\/2005-Denizciler-Duzgit.jpg\"\n     alt=\"\"\n     style=\"border-radius:25px;\">\n<br><\/br>\n<img decoding=\"async\" src=\"https:\/\/www.duzgit.com\/wp-content\/uploads\/2026\/01\/2005-GEMTAC-scaled-1.jpg\"\n     alt=\"\"\n     style=\"border-radius:25px;\">\n<br><\/br>\n<img decoding=\"async\" src=\"https:\/\/www.duzgit.com\/wp-content\/uploads\/2026\/01\/2005-GEMTAC2.jpg\"\n     alt=\"\"\n     style=\"border-radius:25px;\"> <\/center>\n<\/div>\n            <\/div>\n            <div class=\"step\">9<\/div>\n            <div class=\"box-2\">\n                <div class=\"date\"><\/div>\n                <div class=\"subtitle\"><\/div>\n            <\/div>\n        <\/div>\n    <\/div>\n            <div class=\"corner-box  elementor-repeater-item-156f63a\">\n        <div class=\"wrap-content\">\n            <div class=\"box-1\">\n                <div class=\"title\">2007<\/div>\n                <div class=\"desc\">Yalova Tersane B\u00f6lgesi'ne yap\u0131lan yat\u0131r\u0131m, gelecekteki sanayi faaliyetlerinin temelini at\u0131yor.\n\n<br><\/br>\n<img decoding=\"async\" src=\"https:\/\/www.duzgit.com\/wp-content\/uploads\/2026\/01\/2007-scaled-1.jpg\"\n     alt=\"\"\n     style=\"border-radius:25px;\">\n<\/div>\n            <\/div>\n            <div class=\"step\">10<\/div>\n            <div class=\"box-2\">\n                <div class=\"date\"><\/div>\n                <div class=\"subtitle\"><\/div>\n            <\/div>\n        <\/div>\n    <\/div>\n            <div class=\"corner-box  elementor-repeater-item-7ff74fe\">\n        <div class=\"wrap-content\">\n            <div class=\"box-1\">\n                <div class=\"title\">2009<\/div>\n                <div class=\"desc\">Mevzuat de\u011fi\u015fikliklerinin ard\u0131ndan DFS Shipstore'un kurulmas\u0131 ve \u00c7anakkale'deki g\u00fcmr\u00fcks\u00fcz sat\u0131\u015f ma\u011fazas\u0131 faaliyetlerinin ortak giri\u015fim yoluyla s\u00fcrd\u00fcr\u00fclmesi.\n\n<br><\/br>\n<img decoding=\"async\" src=\"https:\/\/www.duzgit.com\/wp-content\/uploads\/2026\/01\/2009.jpg\"\n     alt=\"\"\n     style=\"border-radius:25px;\">\n<\/div>\n            <\/div>\n            <div class=\"step\">11<\/div>\n            <div class=\"box-2\">\n                <div class=\"date\"><\/div>\n                <div class=\"subtitle\"><\/div>\n            <\/div>\n        <\/div>\n    <\/div>\n            <div class=\"corner-box  elementor-repeater-item-7be7f3c\">\n        <div class=\"wrap-content\">\n            <div class=\"box-1\">\n                <div class=\"title\">2012<\/div>\n                <div class=\"desc\">Grup genel merkezinin Maslak'a ta\u015f\u0131nmas\u0131 ve teknik ve ticari y\u00f6netim hizmetleri sa\u011flayan DSM Gemi Y\u00f6netimi'nin kurulmas\u0131.\n\n\n\n<br><\/br>\n<img decoding=\"async\" src=\"https:\/\/www.duzgit.com\/wp-content\/uploads\/2026\/01\/2012-Park-Plaza-1.jpg\"\n     alt=\"\"\n     style=\"border-radius:25px;\">\n<\/div>\n            <\/div>\n            <div class=\"step\">12<\/div>\n            <div class=\"box-2\">\n                <div class=\"date\"><\/div>\n                <div class=\"subtitle\"><\/div>\n            <\/div>\n        <\/div>\n    <\/div>\n            <div class=\"corner-box  elementor-repeater-item-83044a5\">\n        <div class=\"wrap-content\">\n            <div class=\"box-1\">\n                <div class=\"title\">2023<\/div>\n                <div class=\"desc\">Be\u015fikta\u015f Tersanesi'nin stratejik ortak olmas\u0131yla D\u00fczgit Yalova Tersanesi'nin ad\u0131 Park Tersanesi olarak de\u011fi\u015ftirildi ve altyap\u0131 yat\u0131r\u0131mlar\u0131n\u0131n tamamlanmas\u0131n\u0131n ard\u0131ndan tersane, onar\u0131m i\u015flemleri i\u00e7in ilk gemisini teslim ald\u0131.\n\n<br><\/br>\n<img decoding=\"async\" src=\"https:\/\/www.duzgit.com\/wp-content\/uploads\/2026\/01\/2023-Park.jpg\"\n     alt=\"\"\n     style=\"border-radius:25px;\"><\/div>\n            <\/div>\n            <div class=\"step\">14<\/div>\n            <div class=\"box-2\">\n                <div class=\"date\"><\/div>\n                <div class=\"subtitle\"><\/div>\n            <\/div>\n        <\/div>\n    <\/div>\n            <div class=\"corner-box  elementor-repeater-item-8bb805c\">\n        <div class=\"wrap-content\">\n            <div class=\"box-1\">\n                <div class=\"title\">2024<\/div>\n                <div class=\"desc\">Park Tersanesi'nde 52.500 ton kald\u0131rma kapasitesine sahip yeni bir Post-Panamax y\u00fczer havuzunun hizmete girmesiyle, tersane art\u0131k 300 metre uzunlu\u011fa, 43 metre geni\u015fli\u011fe ve 100.000 DWT'ye kadar gemileri a\u011f\u0131rlayabilecek kapasiteye ula\u015ft\u0131.\n\n<br><\/br>\n<img decoding=\"async\" src=\"https:\/\/www.duzgit.com\/wp-content\/uploads\/2026\/01\/2024-2-scaled-1.jpg\"\n     alt=\"\"\n     style=\"border-radius:25px;\"><\/div>\n            <\/div>\n            <div class=\"step\">15<\/div>\n            <div class=\"box-2\">\n                <div class=\"date\"><\/div>\n                <div class=\"subtitle\"><\/div>\n            <\/div>\n        <\/div>\n    <\/div>\n<div class=\"end\">\n    <i class=\"caseicon-double-chevron-down\"><\/i>\n<\/div>\n<\/div>\n<\/div> \t\t\t\t<\/div>\n\t\t\t\t<\/div>\n\t\t            <\/div>\r\n        <\/div>\r\n        \t\t\t<\/div>\n\t\t<\/section>\n\t\t\t\t<\/div>","protected":false},"excerpt":{"rendered":"<p>1961 Founder Salim D\u00fczgit, after earlier years as a fisherman, began his professional maritime career by joining Kemal \u00d6zgen &#038; \u0130smail Esen Ship Agency as a launch (service boat) captain, gaining first-hand experience in vessel operations in the Strait of Istanbul. 1 01 May 1966 With the encouragement of a key customer, Mr. Arif Erten, [&hellip;]<\/p>\n","protected":false},"author":1,"featured_media":0,"parent":0,"menu_order":0,"comment_status":"closed","ping_status":"closed","template":"","meta":{"footnotes":""},"class_list":["post-13810","page","type-page","status-publish","hentry"],"yoast_head":"<!-- This site is optimized with the Yoast SEO plugin v27.4 - https:\/\/yoast.com\/product\/yoast-seo-wordpress\/ -->\n<title>D&uuml;zgit - History of D\u00fczgit Group and Its Foundations<\/title>\n<meta name=\"description\" content=\"Explore the rich history of D\u00fczgit Group, from its founding by Salim D\u00fczgit to its expansion in maritime services.\" \/>\n<meta name=\"robots\" content=\"index, follow, max-snippet:-1, max-image-preview:large, max-video-preview:-1\" \/>\n<link rel=\"canonical\" href=\"https:\/\/www.duzgit.com\/tr\/history\/\" \/>\n<meta property=\"og:locale\" content=\"tr_TR\" \/>\n<meta property=\"og:type\" content=\"article\" \/>\n<meta property=\"og:title\" content=\"D&uuml;zgit - History of D\u00fczgit Group and Its Foundations\" \/>\n<meta property=\"og:description\" content=\"Explore the rich history of D\u00fczgit Group, from its founding by Salim D\u00fczgit to its expansion in maritime services.\" \/>\n<meta property=\"og:url\" content=\"https:\/\/www.duzgit.com\/tr\/history\/\" \/>\n<meta property=\"og:site_name\" content=\"D&uuml;zgit\" \/>\n<meta property=\"article:modified_time\" content=\"2026-02-17T18:42:29+00:00\" \/>\n<meta property=\"og:image\" content=\"https:\/\/www.duzgit.com\/wp-content\/uploads\/2026\/01\/1962-history-1.jpg\" \/>\n<meta name=\"twitter:card\" content=\"summary_large_image\" \/>\n<meta name=\"twitter:label1\" content=\"Tahmini okuma s\u00fcresi\" \/>\n\t<meta name=\"twitter:data1\" content=\"6 dakika\" \/>\n<script type=\"application\/ld+json\" class=\"yoast-schema-graph\">{\"@context\":\"https:\\\/\\\/schema.org\",\"@graph\":[{\"@type\":\"WebPage\",\"@id\":\"https:\\\/\\\/www.duzgit.com\\\/history\\\/\",\"url\":\"https:\\\/\\\/www.duzgit.com\\\/history\\\/\",\"name\":\"D&uuml;zgit - History of D\u00fczgit Group and Its Foundations\",\"isPartOf\":{\"@id\":\"https:\\\/\\\/www.duzgit.com\\\/#website\"},\"primaryImageOfPage\":{\"@id\":\"https:\\\/\\\/www.duzgit.com\\\/history\\\/#primaryimage\"},\"image\":{\"@id\":\"https:\\\/\\\/www.duzgit.com\\\/history\\\/#primaryimage\"},\"thumbnailUrl\":\"https:\\\/\\\/www.duzgit.com\\\/wp-content\\\/uploads\\\/2026\\\/01\\\/1962-history-1.jpg\",\"datePublished\":\"2026-01-10T16:29:07+00:00\",\"dateModified\":\"2026-02-17T18:42:29+00:00\",\"description\":\"Explore the rich history of D\u00fczgit Group, from its founding by Salim D\u00fczgit to its expansion in maritime services.\",\"breadcrumb\":{\"@id\":\"https:\\\/\\\/www.duzgit.com\\\/history\\\/#breadcrumb\"},\"inLanguage\":\"tr\",\"potentialAction\":[{\"@type\":\"ReadAction\",\"target\":[\"https:\\\/\\\/www.duzgit.com\\\/history\\\/\"]}]},{\"@type\":\"ImageObject\",\"inLanguage\":\"tr\",\"@id\":\"https:\\\/\\\/www.duzgit.com\\\/history\\\/#primaryimage\",\"url\":\"https:\\\/\\\/www.duzgit.com\\\/wp-content\\\/uploads\\\/2026\\\/01\\\/1962-history-1.jpg\",\"contentUrl\":\"https:\\\/\\\/www.duzgit.com\\\/wp-content\\\/uploads\\\/2026\\\/01\\\/1962-history-1.jpg\"},{\"@type\":\"BreadcrumbList\",\"@id\":\"https:\\\/\\\/www.duzgit.com\\\/history\\\/#breadcrumb\",\"itemListElement\":[{\"@type\":\"ListItem\",\"position\":1,\"name\":\"Home\",\"item\":\"https:\\\/\\\/www.duzgit.com\\\/\"},{\"@type\":\"ListItem\",\"position\":2,\"name\":\"History\"}]},{\"@type\":\"WebSite\",\"@id\":\"https:\\\/\\\/www.duzgit.com\\\/#website\",\"url\":\"https:\\\/\\\/www.duzgit.com\\\/\",\"name\":\"D\u00fczgit\",\"description\":\"The Power of Turkey at Sea\",\"publisher\":{\"@id\":\"https:\\\/\\\/www.duzgit.com\\\/#organization\"},\"alternateName\":\"D\u00fczgit Group Of Companies\",\"potentialAction\":[{\"@type\":\"SearchAction\",\"target\":{\"@type\":\"EntryPoint\",\"urlTemplate\":\"https:\\\/\\\/www.duzgit.com\\\/?s={search_term_string}\"},\"query-input\":{\"@type\":\"PropertyValueSpecification\",\"valueRequired\":true,\"valueName\":\"search_term_string\"}}],\"inLanguage\":\"tr\"},{\"@type\":\"Organization\",\"@id\":\"https:\\\/\\\/www.duzgit.com\\\/#organization\",\"name\":\"D\u00fczgit\",\"url\":\"https:\\\/\\\/www.duzgit.com\\\/\",\"logo\":{\"@type\":\"ImageObject\",\"inLanguage\":\"tr\",\"@id\":\"https:\\\/\\\/www.duzgit.com\\\/#\\\/schema\\\/logo\\\/image\\\/\",\"url\":\"https:\\\/\\\/www.duzgit.com\\\/wp-content\\\/uploads\\\/2026\\\/01\\\/2026-logo-duzgit-1.png\",\"contentUrl\":\"https:\\\/\\\/www.duzgit.com\\\/wp-content\\\/uploads\\\/2026\\\/01\\\/2026-logo-duzgit-1.png\",\"width\":555,\"height\":100,\"caption\":\"D\u00fczgit\"},\"image\":{\"@id\":\"https:\\\/\\\/www.duzgit.com\\\/#\\\/schema\\\/logo\\\/image\\\/\"}}]}<\/script>\n<!-- \/ Yoast SEO plugin. -->","yoast_head_json":{"title":"D&uuml;zgit - History of D\u00fczgit Group and Its Foundations","description":"Explore the rich history of D\u00fczgit Group, from its founding by Salim D\u00fczgit to its expansion in maritime services.","robots":{"index":"index","follow":"follow","max-snippet":"max-snippet:-1","max-image-preview":"max-image-preview:large","max-video-preview":"max-video-preview:-1"},"canonical":"https:\/\/www.duzgit.com\/tr\/history\/","og_locale":"tr_TR","og_type":"article","og_title":"D&uuml;zgit - History of D\u00fczgit Group and Its Foundations","og_description":"Explore the rich history of D\u00fczgit Group, from its founding by Salim D\u00fczgit to its expansion in maritime services.","og_url":"https:\/\/www.duzgit.com\/tr\/history\/","og_site_name":"D&uuml;zgit","article_modified_time":"2026-02-17T18:42:29+00:00","og_image":[{"url":"https:\/\/www.duzgit.com\/wp-content\/uploads\/2026\/01\/1962-history-1.jpg","type":"","width":"","height":""}],"twitter_card":"summary_large_image","twitter_misc":{"Tahmini okuma s\u00fcresi":"6 dakika"},"schema":{"@context":"https:\/\/schema.org","@graph":[{"@type":"WebPage","@id":"https:\/\/www.duzgit.com\/history\/","url":"https:\/\/www.duzgit.com\/history\/","name":"D&uuml;zgit - History of D\u00fczgit Group and Its Foundations","isPartOf":{"@id":"https:\/\/www.duzgit.com\/#website"},"primaryImageOfPage":{"@id":"https:\/\/www.duzgit.com\/history\/#primaryimage"},"image":{"@id":"https:\/\/www.duzgit.com\/history\/#primaryimage"},"thumbnailUrl":"https:\/\/www.duzgit.com\/wp-content\/uploads\/2026\/01\/1962-history-1.jpg","datePublished":"2026-01-10T16:29:07+00:00","dateModified":"2026-02-17T18:42:29+00:00","description":"Explore the rich history of D\u00fczgit Group, from its founding by Salim D\u00fczgit to its expansion in maritime services.","breadcrumb":{"@id":"https:\/\/www.duzgit.com\/history\/#breadcrumb"},"inLanguage":"tr","potentialAction":[{"@type":"ReadAction","target":["https:\/\/www.duzgit.com\/history\/"]}]},{"@type":"ImageObject","inLanguage":"tr","@id":"https:\/\/www.duzgit.com\/history\/#primaryimage","url":"https:\/\/www.duzgit.com\/wp-content\/uploads\/2026\/01\/1962-history-1.jpg","contentUrl":"https:\/\/www.duzgit.com\/wp-content\/uploads\/2026\/01\/1962-history-1.jpg"},{"@type":"BreadcrumbList","@id":"https:\/\/www.duzgit.com\/history\/#breadcrumb","itemListElement":[{"@type":"ListItem","position":1,"name":"Home","item":"https:\/\/www.duzgit.com\/"},{"@type":"ListItem","position":2,"name":"History"}]},{"@type":"WebSite","@id":"https:\/\/www.duzgit.com\/#website","url":"https:\/\/www.duzgit.com\/","name":"D\u00fczgit","description":"The Power of Turkey at Sea","publisher":{"@id":"https:\/\/www.duzgit.com\/#organization"},"alternateName":"D\u00fczgit Group Of Companies","potentialAction":[{"@type":"SearchAction","target":{"@type":"EntryPoint","urlTemplate":"https:\/\/www.duzgit.com\/?s={search_term_string}"},"query-input":{"@type":"PropertyValueSpecification","valueRequired":true,"valueName":"search_term_string"}}],"inLanguage":"tr"},{"@type":"Organization","@id":"https:\/\/www.duzgit.com\/#organization","name":"D\u00fczgit","url":"https:\/\/www.duzgit.com\/","logo":{"@type":"ImageObject","inLanguage":"tr","@id":"https:\/\/www.duzgit.com\/#\/schema\/logo\/image\/","url":"https:\/\/www.duzgit.com\/wp-content\/uploads\/2026\/01\/2026-logo-duzgit-1.png","contentUrl":"https:\/\/www.duzgit.com\/wp-content\/uploads\/2026\/01\/2026-logo-duzgit-1.png","width":555,"height":100,"caption":"D\u00fczgit"},"image":{"@id":"https:\/\/www.duzgit.com\/#\/schema\/logo\/image\/"}}]}},"_links":{"self":[{"href":"https:\/\/www.duzgit.com\/tr\/wp-json\/wp\/v2\/pages\/13810","targetHints":{"allow":["GET"]}}],"collection":[{"href":"https:\/\/www.duzgit.com\/tr\/wp-json\/wp\/v2\/pages"}],"about":[{"href":"https:\/\/www.duzgit.com\/tr\/wp-json\/wp\/v2\/types\/page"}],"author":[{"embeddable":true,"href":"https:\/\/www.duzgit.com\/tr\/wp-json\/wp\/v2\/users\/1"}],"replies":[{"embeddable":true,"href":"https:\/\/www.duzgit.com\/tr\/wp-json\/wp\/v2\/comments?post=13810"}],"version-history":[{"count":26,"href":"https:\/\/www.duzgit.com\/tr\/wp-json\/wp\/v2\/pages\/13810\/revisions"}],"predecessor-version":[{"id":16166,"href":"https:\/\/www.duzgit.com\/tr\/wp-json\/wp\/v2\/pages\/13810\/revisions\/16166"}],"wp:attachment":[{"href":"https:\/\/www.duzgit.com\/tr\/wp-json\/wp\/v2\/media?parent=13810"}],"curies":[{"name":"wp","href":"https:\/\/api.w.org\/{rel}","templated":true}]}}