{"id":13871,"date":"2026-01-10T16:42:45","date_gmt":"2026-01-10T16:42:45","guid":{"rendered":"https:\/\/www.duzgit.com\/?page_id=13871"},"modified":"2026-02-16T18:35:16","modified_gmt":"2026-02-16T18:35:16","slug":"vision-values","status":"publish","type":"page","link":"https:\/\/www.duzgit.com\/tr\/vision-values\/","title":{"rendered":"Vizyon &amp; Misyon"},"content":{"rendered":"<div data-elementor-type=\"wp-page\" data-elementor-id=\"13871\" class=\"elementor elementor-13871\">\n\t\t\t\t        <section class=\"elementor-section elementor-top-section elementor-element elementor-element-4f67e75 elementor-section-stretched elementor-section-boxed elementor-section-height-default elementor-section-height-default pxl-row-scroll-none pxl-section-overflow-visible pxl-bg-color-none pxl-section-overlay-none\" data-id=\"4f67e75\" data-element_type=\"section\" data-e-type=\"section\" data-settings=\"{&quot;stretch_section&quot;:&quot;section-stretched&quot;}\">\n\n                \n                <div class=\"elementor-container elementor-column-gap-extended\">\n                <div class=\"elementor-column elementor-col-33 elementor-top-column elementor-element elementor-element-352ad7f elementor-hidden-tablet_extra elementor-hidden-tablet elementor-hidden-mobile pxl-column-none pxl-column-overflow-hidden-no\" data-id=\"352ad7f\" data-element_type=\"column\" data-e-type=\"column\">\r\n        <div class=\"elementor-widget-wrap\">\r\n                     \r\n                    <\/div>\r\n        <\/div>\r\n                <div class=\"elementor-column elementor-col-33 elementor-top-column elementor-element elementor-element-7fe583d pxl-column-none pxl-column-overflow-hidden-no\" data-id=\"7fe583d\" data-element_type=\"column\" data-e-type=\"column\">\r\n        <div class=\"elementor-widget-wrap elementor-element-populated\">\r\n                     \r\n        \t\t<div class=\"elementor-element elementor-element-89bb605 elementor-widget elementor-widget-pxl_image\" data-id=\"89bb605\" data-element_type=\"widget\" data-e-type=\"widget\" data-widget_type=\"pxl_image.default\">\n\t\t\t\t<div class=\"elementor-widget-container\">\n\t\t\t\t\t<div id=\"pxl_image-89bb605-3431\" class=\"pxl-image-single  style-default\" data-wow-delay=\"ms\" >\n    <div class=\"pxl-item--inner\" data-wow-delay=\"120ms\">\n        \n                                <div class=\"pxl-item--image\" data-parallax-value=\"\">\n                        <a href=\"https:\/\/dijitaloni.com\/wp-content\/uploads\/2026\/01\/Vision-gorsel-1.jpg\">                            <img fetchpriority=\"high\" decoding=\"async\" width=\"800\" height=\"500\" src=\"https:\/\/www.duzgit.com\/wp-content\/uploads\/2026\/01\/Vision-gorsel-1.jpg\" class=\"no-lazyload attachment-full\" alt=\"\" \/>                        <\/a>                    <\/div>\n                            \n            <\/div>\n<\/div>\t\t\t\t<\/div>\n\t\t\t\t<\/div>\n\t\t            <\/div>\r\n        <\/div>\r\n                <div class=\"elementor-column elementor-col-33 elementor-top-column elementor-element elementor-element-28648e7 elementor-hidden-tablet_extra elementor-hidden-tablet elementor-hidden-mobile pxl-column-none pxl-column-overflow-hidden-no\" data-id=\"28648e7\" data-element_type=\"column\" data-e-type=\"column\">\r\n        <div class=\"elementor-widget-wrap\">\r\n                     \r\n                    <\/div>\r\n        <\/div>\r\n        \t\t\t<\/div>\n\t\t<\/section>\n\t\t        <section class=\"elementor-section elementor-top-section elementor-element elementor-element-217c450 elementor-section-stretched elementor-section-boxed elementor-section-height-default elementor-section-height-default pxl-row-scroll-none pxl-section-overflow-visible pxl-bg-color-none pxl-section-overlay-none\" data-id=\"217c450\" data-element_type=\"section\" data-e-type=\"section\" data-settings=\"{&quot;stretch_section&quot;:&quot;section-stretched&quot;}\">\n\n                \n                <div class=\"elementor-container elementor-column-gap-extended\">\n                <div class=\"elementor-column elementor-col-100 elementor-top-column elementor-element elementor-element-5ce4eb5 pxl-column-none pxl-column-overflow-hidden-no\" data-id=\"5ce4eb5\" data-element_type=\"column\" data-e-type=\"column\">\r\n        <div class=\"elementor-widget-wrap elementor-element-populated\">\r\n                     \r\n        \t\t<div class=\"elementor-element elementor-element-09b70d2 elementor-widget elementor-widget-pxl_heading\" data-id=\"09b70d2\" data-element_type=\"widget\" data-e-type=\"widget\" data-widget_type=\"pxl_heading.default\">\n\t\t\t\t<div class=\"elementor-widget-container\">\n\t\t\t\t\t<div id=\"pxl-pxl_heading-09b70d2-4991\" class=\"pxl-heading pxl-heading--tcustom px-sub-title-box-style\">\n\t<div class=\"pxl-heading--inner\">\n\t\t\t\t\t\n\t<h3 class=\"pxl-item--title\" data-wow-delay=\"ms\">\n\tVizyonumuz\t\t\t\n\t<\/h3>\n\t\n<\/div>\n<\/div>\t\t\t\t<\/div>\n\t\t\t\t<\/div>\n\t\t\t\t<div class=\"elementor-element elementor-element-927788c elementor-widget elementor-widget-pxl_text_editor\" data-id=\"927788c\" data-element_type=\"widget\" data-e-type=\"widget\" data-widget_type=\"pxl_text_editor.default\">\n\t\t\t\t<div class=\"elementor-widget-container\">\n\t\t\t\t\t<div class=\"pxl-text-editor\">\n\t<div class=\"pxl-item--inner\" data-wow-delay=\"ms\">\n\t\t<p>Operasyonel g\u00fcvenilirlik, disiplinli y\u00f6netim ve s\u00fcrekli iyile\u015ftirme ile tan\u0131nan, g\u00fcvenilir ve uzun vadeli bir denizcilik hizmetleri orta\u011f\u0131 olmak; m\u00fc\u015fterilerimize tutarl\u0131 hizmet kalitesi sunarken, geli\u015fen k\u00fcresel gereksinimlere de uyum sa\u011flamak. \u0130\u015fletmelerimiz genelinde uygulamal\u0131 denizcilik deneyimini modern y\u00f6neti\u015fim, g\u00fcvenlik k\u00fclt\u00fcr\u00fc ve s\u00fcrd\u00fcr\u00fclebilirlik bilinciyle birle\u015ftirerek sorumlu bir \u015fekilde b\u00fcy\u00fcmeyi hedefliyoruz.<\/p>\t\t\n\t<\/div>\n<\/div>\t\t\t\t<\/div>\n\t\t\t\t<\/div>\n\t\t            <\/div>\r\n        <\/div>\r\n        \t\t\t<\/div>\n\t\t<\/section>\n\t\t        <section class=\"elementor-section elementor-top-section elementor-element elementor-element-515c739 elementor-section-stretched elementor-section-boxed elementor-section-height-default elementor-section-height-default pxl-row-scroll-none pxl-section-overflow-visible pxl-bg-color-none pxl-section-overlay-none\" data-id=\"515c739\" data-element_type=\"section\" data-e-type=\"section\" data-settings=\"{&quot;stretch_section&quot;:&quot;section-stretched&quot;}\">\n\n                \n                <div class=\"elementor-container elementor-column-gap-extended\">\n                <div class=\"elementor-column elementor-col-33 elementor-top-column elementor-element elementor-element-83bddad elementor-hidden-tablet_extra elementor-hidden-tablet elementor-hidden-mobile pxl-column-none pxl-column-overflow-hidden-no\" data-id=\"83bddad\" data-element_type=\"column\" data-e-type=\"column\">\r\n        <div class=\"elementor-widget-wrap\">\r\n                     \r\n                    <\/div>\r\n        <\/div>\r\n                <div class=\"elementor-column elementor-col-33 elementor-top-column elementor-element elementor-element-59f7638 pxl-column-none pxl-column-overflow-hidden-no\" data-id=\"59f7638\" data-element_type=\"column\" data-e-type=\"column\">\r\n        <div class=\"elementor-widget-wrap elementor-element-populated\">\r\n                     \r\n        \t\t<div class=\"elementor-element elementor-element-d8376e0 elementor-widget elementor-widget-pxl_image\" data-id=\"d8376e0\" data-element_type=\"widget\" data-e-type=\"widget\" data-widget_type=\"pxl_image.default\">\n\t\t\t\t<div class=\"elementor-widget-container\">\n\t\t\t\t\t<div id=\"pxl_image-d8376e0-9584\" class=\"pxl-image-single  style-default\" data-wow-delay=\"ms\" >\n    <div class=\"pxl-item--inner\" data-wow-delay=\"120ms\">\n        \n                                <div class=\"pxl-item--image\" data-parallax-value=\"\">\n                        <a href=\"https:\/\/dijitaloni.com\/wp-content\/uploads\/2026\/01\/vaule-gorsel-1.jpg\">                            <img decoding=\"async\" width=\"800\" height=\"500\" src=\"https:\/\/www.duzgit.com\/wp-content\/uploads\/2026\/01\/vaule-gorsel-1.jpg\" class=\"no-lazyload attachment-full\" alt=\"\" \/>                        <\/a>                    <\/div>\n                            \n            <\/div>\n<\/div>\t\t\t\t<\/div>\n\t\t\t\t<\/div>\n\t\t            <\/div>\r\n        <\/div>\r\n                <div class=\"elementor-column elementor-col-33 elementor-top-column elementor-element elementor-element-63df7d5 elementor-hidden-tablet_extra elementor-hidden-tablet elementor-hidden-mobile pxl-column-none pxl-column-overflow-hidden-no\" data-id=\"63df7d5\" data-element_type=\"column\" data-e-type=\"column\">\r\n        <div class=\"elementor-widget-wrap\">\r\n                     \r\n                    <\/div>\r\n        <\/div>\r\n        \t\t\t<\/div>\n\t\t<\/section>\n\t\t        <section class=\"elementor-section elementor-top-section elementor-element elementor-element-27185cc elementor-section-stretched elementor-section-boxed elementor-section-height-default elementor-section-height-default pxl-row-scroll-none pxl-section-overflow-visible pxl-bg-color-none pxl-section-overlay-none\" data-id=\"27185cc\" data-element_type=\"section\" data-e-type=\"section\" data-settings=\"{&quot;stretch_section&quot;:&quot;section-stretched&quot;}\">\n\n                \n                <div class=\"elementor-container elementor-column-gap-extended\">\n                <div class=\"elementor-column elementor-col-100 elementor-top-column elementor-element elementor-element-c4b2afa pxl-column-none pxl-column-overflow-hidden-no\" data-id=\"c4b2afa\" data-element_type=\"column\" data-e-type=\"column\">\r\n        <div class=\"elementor-widget-wrap elementor-element-populated\">\r\n                     \r\n        \t\t<div class=\"elementor-element elementor-element-bf7978b elementor-widget elementor-widget-pxl_heading\" data-id=\"bf7978b\" data-element_type=\"widget\" data-e-type=\"widget\" data-widget_type=\"pxl_heading.default\">\n\t\t\t\t<div class=\"elementor-widget-container\">\n\t\t\t\t\t<div id=\"pxl-pxl_heading-bf7978b-8138\" class=\"pxl-heading pxl-heading--tcustom px-sub-title-box-style\">\n\t<div class=\"pxl-heading--inner\">\n\t\t\t\t\t\n\t<h3 class=\"pxl-item--title\" data-wow-delay=\"ms\">\n\tMisyonumuz\t\t\t\n\t<\/h3>\n\t\n<\/div>\n<\/div>\t\t\t\t<\/div>\n\t\t\t\t<\/div>\n\t\t\t\t<div class=\"elementor-element elementor-element-25e856b elementor-widget elementor-widget-pxl_text_editor\" data-id=\"25e856b\" data-element_type=\"widget\" data-e-type=\"widget\" data-widget_type=\"pxl_text_editor.default\">\n\t\t\t\t<div class=\"elementor-widget-container\">\n\t\t\t\t\t<div class=\"pxl-text-editor\">\n\t<div class=\"pxl-item--inner\" data-wow-delay=\"ms\">\n\t\t<p>D\u00fczgit Grubu, kurulu\u015fundan bu yana, kararlar\u0131m\u0131za ve faaliyetlerimize y\u00f6n vermeye devam eden bir dizi temel ilkeye ba\u011fl\u0131 kalm\u0131\u015ft\u0131r.<\/p>\t\t\n\t<\/div>\n<\/div>\t\t\t\t<\/div>\n\t\t\t\t<\/div>\n\t\t\t\t<div class=\"elementor-element elementor-element-ef4fe3d elementor-widget elementor-widget-pxl_text_editor\" data-id=\"ef4fe3d\" data-element_type=\"widget\" data-e-type=\"widget\" data-widget_type=\"pxl_text_editor.default\">\n\t\t\t\t<div class=\"elementor-widget-container\">\n\t\t\t\t\t<div class=\"pxl-text-editor\">\n\t<div class=\"pxl-item--inner\" data-wow-delay=\"ms\">\n\t\t<p><strong>Hizmet Kalitesine Ba\u011fl\u0131l\u0131k<br \/><\/strong>\u00c7al\u0131\u015fma ve hizmet sunma \u015feklimizi s\u00fcrekli geli\u015ftirerek, s\u0131k\u0131 \u00e7al\u0131\u015fma, pratik deneyim ve yenilik\u00e7ilik yoluyla hizmet kalitesini en \u00fcst d\u00fczeye \u00e7\u0131karmay\u0131 hedefliyoruz.<\/p><p><strong>Ticari G\u00fcvenilirlik ve \u0130tibar<br \/><\/strong>Uzun vadeli ili\u015fkilere de\u011fer veriyoruz. Taahh\u00fctlerimize sad\u0131k kal\u0131yor, tutarl\u0131 davran\u0131yor ve m\u00fc\u015fterilerimiz ve i\u015f ortaklar\u0131m\u0131zla g\u00fcveni korumak i\u00e7in \u00e7al\u0131\u015f\u0131yoruz.<\/p><p><strong>Sa\u011fl\u0131k, G\u00fcvenlik ve \u00c7evre Sorumlulu\u011fu<br \/><\/strong>Sa\u011fl\u0131kl\u0131 ve g\u00fcvenli bir \u00e7al\u0131\u015fma ortam\u0131n\u0131 s\u00fcrd\u00fcrmeye ve operasyonlar\u0131m\u0131z\u0131 \u00e7evreye \u00f6zen g\u00f6stererek y\u00f6netmeye kararl\u0131y\u0131z. G\u00fcvenlik ve \u00e7evre sorumlulu\u011funun s\u00fcrd\u00fcr\u00fclebilir denizcilik hizmetleri i\u00e7in temel unsurlar oldu\u011funu kabul ediyoruz.<\/p><p><strong>\u0130nsan Kaynaklar\u0131 ve Refah<br \/><\/strong>\u00c7al\u0131\u015fanlar\u0131m\u0131za de\u011fer veriyoruz ve yetkinli\u011fe, ekip \u00e7al\u0131\u015fmas\u0131na ve uzun vadeli ba\u011fl\u0131l\u0131\u011fa yat\u0131r\u0131m yaparak \u00e7al\u0131\u015fanlar\u0131m\u0131z\u0131n ve ailelerinin refah\u0131ndan sorumluyuz.<\/p><p><strong>Planlama, Risk Bilinci ve \u00d6ng\u00f6r\u00fc<br \/><\/strong>Harekete ge\u00e7meden \u00f6nce dikkatli analiz, planlama ve risk bilincine inan\u0131yoruz; bu sayede dayan\u0131kl\u0131 operasyonlar\u0131 ve uzun vadeli de\u011feri destekleyen bilin\u00e7li kararlar al\u0131yoruz.<\/p><p><strong>D\u00fcr\u00fcstl\u00fck, \u015eeffafl\u0131k ve Sorumluluk<br \/><\/strong>D\u00fcr\u00fcstl\u00fck, \u015feffafl\u0131k ve adalet ilkelerine ba\u011fl\u0131y\u0131z ve eylemlerimizden sorumluluk al\u0131yoruz. Kal\u0131c\u0131 g\u00fcven in\u015fa etmek i\u00e7in d\u00fcr\u00fcstl\u00fc\u011f\u00fcn \u015fart oldu\u011funa inan\u0131yoruz.<\/p><p><strong>Bu ilkeler ge\u00e7mi\u015fimizi tan\u0131mlar, bug\u00fcn\u00fcm\u00fcz\u00fc y\u00f6nlendirir ve D\u00fczgit Grubu'nun gelece\u011fini \u015fekillendirir.<\/strong><\/p>\t\t\n\t<\/div>\n<\/div>\t\t\t\t<\/div>\n\t\t\t\t<\/div>\n\t\t            <\/div>\r\n        <\/div>\r\n        \t\t\t<\/div>\n\t\t<\/section>\n\t\t\t\t<\/div>","protected":false},"excerpt":{"rendered":"<p>Our Vision To be a trusted, long-term maritime services partner recognised for operational reliability, disciplined management, and continuous improvement\u2014supporting our customers with consistent service quality while adapting to evolving global requirements.We aim to grow responsibly by combining hands-on maritime experience with modern governance, safety culture, and sustainability awareness across our businesses. Our Values Since its [&hellip;]<\/p>\n","protected":false},"author":1,"featured_media":0,"parent":0,"menu_order":0,"comment_status":"closed","ping_status":"closed","template":"","meta":{"footnotes":""},"class_list":["post-13871","page","type-page","status-publish","hentry"],"yoast_head":"<!-- This site is optimized with the Yoast SEO plugin v27.4 - https:\/\/yoast.com\/product\/yoast-seo-wordpress\/ -->\n<title>D&uuml;zgit - Vision &amp; Values<\/title>\n<meta name=\"robots\" content=\"index, follow, max-snippet:-1, max-image-preview:large, max-video-preview:-1\" \/>\n<link rel=\"canonical\" href=\"https:\/\/www.duzgit.com\/tr\/vision-values\/\" \/>\n<meta property=\"og:locale\" content=\"tr_TR\" \/>\n<meta property=\"og:type\" content=\"article\" \/>\n<meta property=\"og:title\" content=\"D&uuml;zgit - Vision &amp; Values\" \/>\n<meta property=\"og:description\" content=\"Our Vision To be a trusted, long-term maritime services partner recognised for operational reliability, disciplined management, and continuous improvement\u2014supporting our customers with consistent service quality while adapting to evolving global requirements.We aim to grow responsibly by combining hands-on maritime experience with modern governance, safety culture, and sustainability awareness across our businesses. Our Values Since its [&hellip;]\" \/>\n<meta property=\"og:url\" content=\"https:\/\/www.duzgit.com\/tr\/vision-values\/\" \/>\n<meta property=\"og:site_name\" content=\"D&uuml;zgit\" \/>\n<meta property=\"article:modified_time\" content=\"2026-02-16T18:35:16+00:00\" \/>\n<meta property=\"og:image\" content=\"https:\/\/www.duzgit.com\/wp-content\/uploads\/2026\/01\/Vision-gorsel-1.jpg\" \/>\n<meta name=\"twitter:card\" content=\"summary_large_image\" \/>\n<meta name=\"twitter:label1\" content=\"Tahmini okuma s\u00fcresi\" \/>\n\t<meta name=\"twitter:data1\" content=\"2 dakika\" \/>\n<script type=\"application\/ld+json\" class=\"yoast-schema-graph\">{\"@context\":\"https:\\\/\\\/schema.org\",\"@graph\":[{\"@type\":\"WebPage\",\"@id\":\"https:\\\/\\\/www.duzgit.com\\\/vision-values\\\/\",\"url\":\"https:\\\/\\\/www.duzgit.com\\\/vision-values\\\/\",\"name\":\"D&uuml;zgit - Vision &amp; Values\",\"isPartOf\":{\"@id\":\"https:\\\/\\\/www.duzgit.com\\\/#website\"},\"primaryImageOfPage\":{\"@id\":\"https:\\\/\\\/www.duzgit.com\\\/vision-values\\\/#primaryimage\"},\"image\":{\"@id\":\"https:\\\/\\\/www.duzgit.com\\\/vision-values\\\/#primaryimage\"},\"thumbnailUrl\":\"https:\\\/\\\/www.duzgit.com\\\/wp-content\\\/uploads\\\/2026\\\/01\\\/Vision-gorsel-1.jpg\",\"datePublished\":\"2026-01-10T16:42:45+00:00\",\"dateModified\":\"2026-02-16T18:35:16+00:00\",\"breadcrumb\":{\"@id\":\"https:\\\/\\\/www.duzgit.com\\\/vision-values\\\/#breadcrumb\"},\"inLanguage\":\"tr\",\"potentialAction\":[{\"@type\":\"ReadAction\",\"target\":[\"https:\\\/\\\/www.duzgit.com\\\/vision-values\\\/\"]}]},{\"@type\":\"ImageObject\",\"inLanguage\":\"tr\",\"@id\":\"https:\\\/\\\/www.duzgit.com\\\/vision-values\\\/#primaryimage\",\"url\":\"https:\\\/\\\/www.duzgit.com\\\/wp-content\\\/uploads\\\/2026\\\/01\\\/Vision-gorsel-1.jpg\",\"contentUrl\":\"https:\\\/\\\/www.duzgit.com\\\/wp-content\\\/uploads\\\/2026\\\/01\\\/Vision-gorsel-1.jpg\"},{\"@type\":\"BreadcrumbList\",\"@id\":\"https:\\\/\\\/www.duzgit.com\\\/vision-values\\\/#breadcrumb\",\"itemListElement\":[{\"@type\":\"ListItem\",\"position\":1,\"name\":\"Home\",\"item\":\"https:\\\/\\\/www.duzgit.com\\\/\"},{\"@type\":\"ListItem\",\"position\":2,\"name\":\"Vision &amp; Values\"}]},{\"@type\":\"WebSite\",\"@id\":\"https:\\\/\\\/www.duzgit.com\\\/#website\",\"url\":\"https:\\\/\\\/www.duzgit.com\\\/\",\"name\":\"D\u00fczgit\",\"description\":\"The Power of Turkey at Sea\",\"publisher\":{\"@id\":\"https:\\\/\\\/www.duzgit.com\\\/#organization\"},\"alternateName\":\"D\u00fczgit Group Of Companies\",\"potentialAction\":[{\"@type\":\"SearchAction\",\"target\":{\"@type\":\"EntryPoint\",\"urlTemplate\":\"https:\\\/\\\/www.duzgit.com\\\/?s={search_term_string}\"},\"query-input\":{\"@type\":\"PropertyValueSpecification\",\"valueRequired\":true,\"valueName\":\"search_term_string\"}}],\"inLanguage\":\"tr\"},{\"@type\":\"Organization\",\"@id\":\"https:\\\/\\\/www.duzgit.com\\\/#organization\",\"name\":\"D\u00fczgit\",\"url\":\"https:\\\/\\\/www.duzgit.com\\\/\",\"logo\":{\"@type\":\"ImageObject\",\"inLanguage\":\"tr\",\"@id\":\"https:\\\/\\\/www.duzgit.com\\\/#\\\/schema\\\/logo\\\/image\\\/\",\"url\":\"https:\\\/\\\/www.duzgit.com\\\/wp-content\\\/uploads\\\/2026\\\/01\\\/2026-logo-duzgit-1.png\",\"contentUrl\":\"https:\\\/\\\/www.duzgit.com\\\/wp-content\\\/uploads\\\/2026\\\/01\\\/2026-logo-duzgit-1.png\",\"width\":555,\"height\":100,\"caption\":\"D\u00fczgit\"},\"image\":{\"@id\":\"https:\\\/\\\/www.duzgit.com\\\/#\\\/schema\\\/logo\\\/image\\\/\"}}]}<\/script>\n<!-- \/ Yoast SEO plugin. -->","yoast_head_json":{"title":"D&uuml;zgit - Vision &amp; Values","robots":{"index":"index","follow":"follow","max-snippet":"max-snippet:-1","max-image-preview":"max-image-preview:large","max-video-preview":"max-video-preview:-1"},"canonical":"https:\/\/www.duzgit.com\/tr\/vision-values\/","og_locale":"tr_TR","og_type":"article","og_title":"D&uuml;zgit - Vision &amp; Values","og_description":"Our Vision To be a trusted, long-term maritime services partner recognised for operational reliability, disciplined management, and continuous improvement\u2014supporting our customers with consistent service quality while adapting to evolving global requirements.We aim to grow responsibly by combining hands-on maritime experience with modern governance, safety culture, and sustainability awareness across our businesses. Our Values Since its [&hellip;]","og_url":"https:\/\/www.duzgit.com\/tr\/vision-values\/","og_site_name":"D&uuml;zgit","article_modified_time":"2026-02-16T18:35:16+00:00","og_image":[{"url":"https:\/\/www.duzgit.com\/wp-content\/uploads\/2026\/01\/Vision-gorsel-1.jpg","type":"","width":"","height":""}],"twitter_card":"summary_large_image","twitter_misc":{"Tahmini okuma s\u00fcresi":"2 dakika"},"schema":{"@context":"https:\/\/schema.org","@graph":[{"@type":"WebPage","@id":"https:\/\/www.duzgit.com\/vision-values\/","url":"https:\/\/www.duzgit.com\/vision-values\/","name":"D&uuml;zgit - Vision &amp; Values","isPartOf":{"@id":"https:\/\/www.duzgit.com\/#website"},"primaryImageOfPage":{"@id":"https:\/\/www.duzgit.com\/vision-values\/#primaryimage"},"image":{"@id":"https:\/\/www.duzgit.com\/vision-values\/#primaryimage"},"thumbnailUrl":"https:\/\/www.duzgit.com\/wp-content\/uploads\/2026\/01\/Vision-gorsel-1.jpg","datePublished":"2026-01-10T16:42:45+00:00","dateModified":"2026-02-16T18:35:16+00:00","breadcrumb":{"@id":"https:\/\/www.duzgit.com\/vision-values\/#breadcrumb"},"inLanguage":"tr","potentialAction":[{"@type":"ReadAction","target":["https:\/\/www.duzgit.com\/vision-values\/"]}]},{"@type":"ImageObject","inLanguage":"tr","@id":"https:\/\/www.duzgit.com\/vision-values\/#primaryimage","url":"https:\/\/www.duzgit.com\/wp-content\/uploads\/2026\/01\/Vision-gorsel-1.jpg","contentUrl":"https:\/\/www.duzgit.com\/wp-content\/uploads\/2026\/01\/Vision-gorsel-1.jpg"},{"@type":"BreadcrumbList","@id":"https:\/\/www.duzgit.com\/vision-values\/#breadcrumb","itemListElement":[{"@type":"ListItem","position":1,"name":"Home","item":"https:\/\/www.duzgit.com\/"},{"@type":"ListItem","position":2,"name":"Vision &amp; Values"}]},{"@type":"WebSite","@id":"https:\/\/www.duzgit.com\/#website","url":"https:\/\/www.duzgit.com\/","name":"D\u00fczgit","description":"The Power of Turkey at Sea","publisher":{"@id":"https:\/\/www.duzgit.com\/#organization"},"alternateName":"D\u00fczgit Group Of Companies","potentialAction":[{"@type":"SearchAction","target":{"@type":"EntryPoint","urlTemplate":"https:\/\/www.duzgit.com\/?s={search_term_string}"},"query-input":{"@type":"PropertyValueSpecification","valueRequired":true,"valueName":"search_term_string"}}],"inLanguage":"tr"},{"@type":"Organization","@id":"https:\/\/www.duzgit.com\/#organization","name":"D\u00fczgit","url":"https:\/\/www.duzgit.com\/","logo":{"@type":"ImageObject","inLanguage":"tr","@id":"https:\/\/www.duzgit.com\/#\/schema\/logo\/image\/","url":"https:\/\/www.duzgit.com\/wp-content\/uploads\/2026\/01\/2026-logo-duzgit-1.png","contentUrl":"https:\/\/www.duzgit.com\/wp-content\/uploads\/2026\/01\/2026-logo-duzgit-1.png","width":555,"height":100,"caption":"D\u00fczgit"},"image":{"@id":"https:\/\/www.duzgit.com\/#\/schema\/logo\/image\/"}}]}},"_links":{"self":[{"href":"https:\/\/www.duzgit.com\/tr\/wp-json\/wp\/v2\/pages\/13871","targetHints":{"allow":["GET"]}}],"collection":[{"href":"https:\/\/www.duzgit.com\/tr\/wp-json\/wp\/v2\/pages"}],"about":[{"href":"https:\/\/www.duzgit.com\/tr\/wp-json\/wp\/v2\/types\/page"}],"author":[{"embeddable":true,"href":"https:\/\/www.duzgit.com\/tr\/wp-json\/wp\/v2\/users\/1"}],"replies":[{"embeddable":true,"href":"https:\/\/www.duzgit.com\/tr\/wp-json\/wp\/v2\/comments?post=13871"}],"version-history":[{"count":50,"href":"https:\/\/www.duzgit.com\/tr\/wp-json\/wp\/v2\/pages\/13871\/revisions"}],"predecessor-version":[{"id":15843,"href":"https:\/\/www.duzgit.com\/tr\/wp-json\/wp\/v2\/pages\/13871\/revisions\/15843"}],"wp:attachment":[{"href":"https:\/\/www.duzgit.com\/tr\/wp-json\/wp\/v2\/media?parent=13871"}],"curies":[{"name":"wp","href":"https:\/\/api.w.org\/{rel}","templated":true}]}}