{"id":16434,"date":"2026-02-21T21:40:13","date_gmt":"2026-02-21T21:40:13","guid":{"rendered":"https:\/\/www.duzgit.com\/?page_id=16434"},"modified":"2026-02-28T11:05:31","modified_gmt":"2026-02-28T11:05:31","slug":"corporate-governance","status":"publish","type":"page","link":"https:\/\/www.duzgit.com\/tr\/corporate-governance\/","title":{"rendered":"Kurumsal Y\u00f6netim"},"content":{"rendered":"<div data-elementor-type=\"wp-page\" data-elementor-id=\"16434\" class=\"elementor elementor-16434\">\n\t\t\t\t        <section class=\"elementor-section elementor-top-section elementor-element elementor-element-9b92872 elementor-section-stretched elementor-section-boxed elementor-section-height-default elementor-section-height-default pxl-row-scroll-none pxl-section-overflow-visible pxl-bg-color-none pxl-section-overlay-none\" data-id=\"9b92872\" data-element_type=\"section\" data-e-type=\"section\" data-settings=\"{&quot;stretch_section&quot;:&quot;section-stretched&quot;}\">\n\n                \n                <div class=\"elementor-container elementor-column-gap-extended\">\n                <div class=\"elementor-column elementor-col-50 elementor-top-column elementor-element elementor-element-5c8f1a2 pxl-column-none pxl-column-overflow-hidden-no\" data-id=\"5c8f1a2\" data-element_type=\"column\" data-e-type=\"column\">\r\n        <div class=\"elementor-widget-wrap elementor-element-populated\">\r\n                     \r\n        \t\t<div class=\"elementor-element elementor-element-3b33e24 elementor-widget elementor-widget-pxl_image\" data-id=\"3b33e24\" data-element_type=\"widget\" data-e-type=\"widget\" data-widget_type=\"pxl_image.default\">\n\t\t\t\t<div class=\"elementor-widget-container\">\n\t\t\t\t\t<div id=\"pxl_image-3b33e24-3723\" class=\"pxl-image-single  style-default\" data-wow-delay=\"ms\" >\n    <div class=\"pxl-item--inner\" data-wow-delay=\"120ms\">\n        \n                                <div class=\"pxl-item--image\" data-parallax-value=\"\">\n                        <a href=\"https:\/\/www.duzgit.com\/wp-content\/uploads\/2026\/02\/close-up-pen-table_1098-3616.avif\">                            <img fetchpriority=\"high\" decoding=\"async\" class=\"no-lazyload\" src=\"https:\/\/www.duzgit.com\/wp-content\/uploads\/2026\/02\/close-up-pen-table_1098-3616.avif\" width=\"626\" height=\"417\" alt=\"close-up-pen-table_1098-3616\" title=\"close-up-pen-table_1098-3616\" \/>                        <\/a>                    <\/div>\n                            \n            <\/div>\n<\/div>\t\t\t\t<\/div>\n\t\t\t\t<\/div>\n\t\t            <\/div>\r\n        <\/div>\r\n                <div class=\"elementor-column elementor-col-50 elementor-top-column elementor-element elementor-element-995d43f pxl-column-none pxl-column-overflow-hidden-no\" data-id=\"995d43f\" data-element_type=\"column\" data-e-type=\"column\">\r\n        <div class=\"elementor-widget-wrap elementor-element-populated\">\r\n                     \r\n        \t\t<div class=\"elementor-element elementor-element-155e2b6 elementor-widget elementor-widget-pxl_text_editor\" data-id=\"155e2b6\" data-element_type=\"widget\" data-e-type=\"widget\" data-widget_type=\"pxl_text_editor.default\">\n\t\t\t\t<div class=\"elementor-widget-container\">\n\t\t\t\t\t<div class=\"pxl-text-editor\">\n\t<div class=\"pxl-item--inner\" data-wow-delay=\"ms\">\n\t\t<p>D\u00fczgit Group, \u015feffafl\u0131k, hesap verebilirlik ve s\u00fcrd\u00fcr\u00fclebilir uzun vadeli de\u011fer yaratmay\u0131 sa\u011flamak i\u00e7in g\u00fc\u00e7l\u00fc kurumsal y\u00f6neti\u015fime ba\u011fl\u0131d\u0131r.<\/p>\t\t\n\t<\/div>\n<\/div>\t\t\t\t<\/div>\n\t\t\t\t<\/div>\n\t\t\t\t<div class=\"elementor-element elementor-element-fb394f2 elementor-widget elementor-widget-pxl_text_editor\" data-id=\"fb394f2\" data-element_type=\"widget\" data-e-type=\"widget\" data-widget_type=\"pxl_text_editor.default\">\n\t\t\t\t<div class=\"elementor-widget-container\">\n\t\t\t\t\t<div class=\"pxl-text-editor\">\n\t<div class=\"pxl-item--inner\" data-wow-delay=\"ms\">\n\t\t<p>Y\u00f6netim \u00e7er\u00e7evemiz a\u015fa\u011f\u0131dakilere dayanmaktad\u0131r:<\/p>\t\t\n\t<\/div>\n<\/div>\t\t\t\t<\/div>\n\t\t\t\t<\/div>\n\t\t\t\t<div class=\"elementor-element elementor-element-0435feb elementor-widget elementor-widget-pxl_text_editor\" data-id=\"0435feb\" data-element_type=\"widget\" data-e-type=\"widget\" data-widget_type=\"pxl_text_editor.default\">\n\t\t\t\t<div class=\"elementor-widget-container\">\n\t\t\t\t\t<div class=\"pxl-text-editor\">\n\t<div class=\"pxl-item--inner\" data-wow-delay=\"ms\">\n\t\t<li>Net organizasyon yap\u0131s\u0131 ve tan\u0131mlanm\u0131\u015f sorumluluklar<\/li>\n \t<li>Sahiplik, y\u00f6neti\u015fim ve y\u00f6netim aras\u0131ndaki ayr\u0131m<\/li>\n \t<li>Etik karar verme ve d\u00fcr\u00fcstl\u00fck<\/li>\n \t<li>Y\u00fcr\u00fcrl\u00fckteki yasalar, y\u00f6netmelikler ve end\u00fcstri standartlar\u0131na uygunluk<\/li>\n\t\t\n\t<\/div>\n<\/div>\t\t\t\t<\/div>\n\t\t\t\t<\/div>\n\t\t            <\/div>\r\n        <\/div>\r\n        \t\t\t<\/div>\n\t\t<\/section>\n\t\t        <section class=\"elementor-section elementor-top-section elementor-element elementor-element-ecff65c elementor-section-stretched elementor-section-boxed elementor-section-height-default elementor-section-height-default pxl-row-scroll-none pxl-section-overflow-visible pxl-bg-color-none pxl-section-overlay-none\" data-id=\"ecff65c\" data-element_type=\"section\" data-e-type=\"section\" data-settings=\"{&quot;stretch_section&quot;:&quot;section-stretched&quot;}\">\n\n                \n                <div class=\"elementor-container elementor-column-gap-extended\">\n                <div class=\"elementor-column elementor-col-100 elementor-top-column elementor-element elementor-element-348f3ee pxl-column-none pxl-column-overflow-hidden-no\" data-id=\"348f3ee\" data-element_type=\"column\" data-e-type=\"column\">\r\n        <div class=\"elementor-widget-wrap elementor-element-populated\">\r\n                     \r\n        \t\t<div class=\"elementor-element elementor-element-4577fe2 elementor-widget elementor-widget-pxl_text_editor\" data-id=\"4577fe2\" data-element_type=\"widget\" data-e-type=\"widget\" data-widget_type=\"pxl_text_editor.default\">\n\t\t\t\t<div class=\"elementor-widget-container\">\n\t\t\t\t\t<div class=\"pxl-text-editor\">\n\t<div class=\"pxl-item--inner\" data-wow-delay=\"ms\">\n\t\t<p>Y\u00f6netim Kurulu ve \u00fcst y\u00f6netim, kararlar\u0131n sorumlu bir \u015fekilde ve Grubun de\u011ferlerine uygun olarak al\u0131nmas\u0131n\u0131 sa\u011flarken etkili bir denetim ger\u00e7ekle\u015ftirir. \u00c7\u0131kar \u00e7at\u0131\u015fmalar\u0131 uygun \u015fekilde a\u00e7\u0131klan\u0131r ve y\u00f6netilir. Kurumsal y\u00f6netim uygulamalar\u0131, yasal gereklilikler ve en iyi uygulamalarla uyumlu kalmak i\u00e7in periyodik olarak g\u00f6zden ge\u00e7irilir.<\/p>\t\t\n\t<\/div>\n<\/div>\t\t\t\t<\/div>\n\t\t\t\t<\/div>\n\t\t            <\/div>\r\n        <\/div>\r\n        \t\t\t<\/div>\n\t\t<\/section>\n\t\t\t\t<\/div>","protected":false},"excerpt":{"rendered":"<p>D\u00fczgit Group is committed to strong corporate governance to ensure transparency, accountability, and sustainable long-term value creation. Our governance framework is based on: Clear organisational structure and defined responsibilities Separation between ownership, governance, and management Ethical decision-making and integrity Compliance with applicable laws, regulations, and industry standards The Board and senior management provide effective oversight [&hellip;]<\/p>\n","protected":false},"author":1,"featured_media":0,"parent":0,"menu_order":0,"comment_status":"closed","ping_status":"closed","template":"","meta":{"footnotes":""},"class_list":["post-16434","page","type-page","status-publish","hentry"],"yoast_head":"<!-- This site is optimized with the Yoast SEO plugin v27.4 - https:\/\/yoast.com\/product\/yoast-seo-wordpress\/ -->\n<title>Corporate Governance - D&uuml;zgit<\/title>\n<meta name=\"robots\" content=\"index, follow, max-snippet:-1, max-image-preview:large, max-video-preview:-1\" \/>\n<link rel=\"canonical\" href=\"https:\/\/www.duzgit.com\/tr\/corporate-governance\/\" \/>\n<meta property=\"og:locale\" content=\"tr_TR\" \/>\n<meta property=\"og:type\" content=\"article\" \/>\n<meta property=\"og:title\" content=\"Corporate Governance - D&uuml;zgit\" \/>\n<meta property=\"og:description\" content=\"D\u00fczgit Group is committed to strong corporate governance to ensure transparency, accountability, and sustainable long-term value creation. Our governance framework is based on: Clear organisational structure and defined responsibilities Separation between ownership, governance, and management Ethical decision-making and integrity Compliance with applicable laws, regulations, and industry standards The Board and senior management provide effective oversight [&hellip;]\" \/>\n<meta property=\"og:url\" content=\"https:\/\/www.duzgit.com\/tr\/corporate-governance\/\" \/>\n<meta property=\"og:site_name\" content=\"D&uuml;zgit\" \/>\n<meta property=\"article:modified_time\" content=\"2026-02-28T11:05:31+00:00\" \/>\n<meta property=\"og:image\" content=\"https:\/\/www.duzgit.com\/wp-content\/uploads\/2026\/02\/close-up-pen-table_1098-3616.avif\" \/>\n<meta name=\"twitter:card\" content=\"summary_large_image\" \/>\n<meta name=\"twitter:label1\" content=\"Tahmini okuma s\u00fcresi\" \/>\n\t<meta name=\"twitter:data1\" content=\"1 dakika\" \/>\n<script type=\"application\/ld+json\" class=\"yoast-schema-graph\">{\"@context\":\"https:\\\/\\\/schema.org\",\"@graph\":[{\"@type\":\"WebPage\",\"@id\":\"https:\\\/\\\/www.duzgit.com\\\/corporate-governance\\\/\",\"url\":\"https:\\\/\\\/www.duzgit.com\\\/corporate-governance\\\/\",\"name\":\"Corporate Governance - D&uuml;zgit\",\"isPartOf\":{\"@id\":\"https:\\\/\\\/www.duzgit.com\\\/#website\"},\"primaryImageOfPage\":{\"@id\":\"https:\\\/\\\/www.duzgit.com\\\/corporate-governance\\\/#primaryimage\"},\"image\":{\"@id\":\"https:\\\/\\\/www.duzgit.com\\\/corporate-governance\\\/#primaryimage\"},\"thumbnailUrl\":\"https:\\\/\\\/www.duzgit.com\\\/wp-content\\\/uploads\\\/2026\\\/02\\\/close-up-pen-table_1098-3616.avif\",\"datePublished\":\"2026-02-21T21:40:13+00:00\",\"dateModified\":\"2026-02-28T11:05:31+00:00\",\"breadcrumb\":{\"@id\":\"https:\\\/\\\/www.duzgit.com\\\/corporate-governance\\\/#breadcrumb\"},\"inLanguage\":\"tr\",\"potentialAction\":[{\"@type\":\"ReadAction\",\"target\":[\"https:\\\/\\\/www.duzgit.com\\\/corporate-governance\\\/\"]}]},{\"@type\":\"ImageObject\",\"inLanguage\":\"tr\",\"@id\":\"https:\\\/\\\/www.duzgit.com\\\/corporate-governance\\\/#primaryimage\",\"url\":\"https:\\\/\\\/www.duzgit.com\\\/wp-content\\\/uploads\\\/2026\\\/02\\\/close-up-pen-table_1098-3616.avif\",\"contentUrl\":\"https:\\\/\\\/www.duzgit.com\\\/wp-content\\\/uploads\\\/2026\\\/02\\\/close-up-pen-table_1098-3616.avif\"},{\"@type\":\"BreadcrumbList\",\"@id\":\"https:\\\/\\\/www.duzgit.com\\\/corporate-governance\\\/#breadcrumb\",\"itemListElement\":[{\"@type\":\"ListItem\",\"position\":1,\"name\":\"Home\",\"item\":\"https:\\\/\\\/www.duzgit.com\\\/\"},{\"@type\":\"ListItem\",\"position\":2,\"name\":\"Corporate Governance\"}]},{\"@type\":\"WebSite\",\"@id\":\"https:\\\/\\\/www.duzgit.com\\\/#website\",\"url\":\"https:\\\/\\\/www.duzgit.com\\\/\",\"name\":\"D\u00fczgit\",\"description\":\"The Power of Turkey at Sea\",\"publisher\":{\"@id\":\"https:\\\/\\\/www.duzgit.com\\\/#organization\"},\"alternateName\":\"D\u00fczgit Group Of Companies\",\"potentialAction\":[{\"@type\":\"SearchAction\",\"target\":{\"@type\":\"EntryPoint\",\"urlTemplate\":\"https:\\\/\\\/www.duzgit.com\\\/?s={search_term_string}\"},\"query-input\":{\"@type\":\"PropertyValueSpecification\",\"valueRequired\":true,\"valueName\":\"search_term_string\"}}],\"inLanguage\":\"tr\"},{\"@type\":\"Organization\",\"@id\":\"https:\\\/\\\/www.duzgit.com\\\/#organization\",\"name\":\"D\u00fczgit\",\"url\":\"https:\\\/\\\/www.duzgit.com\\\/\",\"logo\":{\"@type\":\"ImageObject\",\"inLanguage\":\"tr\",\"@id\":\"https:\\\/\\\/www.duzgit.com\\\/#\\\/schema\\\/logo\\\/image\\\/\",\"url\":\"https:\\\/\\\/www.duzgit.com\\\/wp-content\\\/uploads\\\/2026\\\/01\\\/2026-logo-duzgit-1.png\",\"contentUrl\":\"https:\\\/\\\/www.duzgit.com\\\/wp-content\\\/uploads\\\/2026\\\/01\\\/2026-logo-duzgit-1.png\",\"width\":555,\"height\":100,\"caption\":\"D\u00fczgit\"},\"image\":{\"@id\":\"https:\\\/\\\/www.duzgit.com\\\/#\\\/schema\\\/logo\\\/image\\\/\"}}]}<\/script>\n<!-- \/ Yoast SEO plugin. -->","yoast_head_json":{"title":"Corporate Governance - D&uuml;zgit","robots":{"index":"index","follow":"follow","max-snippet":"max-snippet:-1","max-image-preview":"max-image-preview:large","max-video-preview":"max-video-preview:-1"},"canonical":"https:\/\/www.duzgit.com\/tr\/corporate-governance\/","og_locale":"tr_TR","og_type":"article","og_title":"Corporate Governance - D&uuml;zgit","og_description":"D\u00fczgit Group is committed to strong corporate governance to ensure transparency, accountability, and sustainable long-term value creation. Our governance framework is based on: Clear organisational structure and defined responsibilities Separation between ownership, governance, and management Ethical decision-making and integrity Compliance with applicable laws, regulations, and industry standards The Board and senior management provide effective oversight [&hellip;]","og_url":"https:\/\/www.duzgit.com\/tr\/corporate-governance\/","og_site_name":"D&uuml;zgit","article_modified_time":"2026-02-28T11:05:31+00:00","og_image":[{"url":"https:\/\/www.duzgit.com\/wp-content\/uploads\/2026\/02\/close-up-pen-table_1098-3616.avif","type":"","width":"","height":""}],"twitter_card":"summary_large_image","twitter_misc":{"Tahmini okuma s\u00fcresi":"1 dakika"},"schema":{"@context":"https:\/\/schema.org","@graph":[{"@type":"WebPage","@id":"https:\/\/www.duzgit.com\/corporate-governance\/","url":"https:\/\/www.duzgit.com\/corporate-governance\/","name":"Corporate Governance - D&uuml;zgit","isPartOf":{"@id":"https:\/\/www.duzgit.com\/#website"},"primaryImageOfPage":{"@id":"https:\/\/www.duzgit.com\/corporate-governance\/#primaryimage"},"image":{"@id":"https:\/\/www.duzgit.com\/corporate-governance\/#primaryimage"},"thumbnailUrl":"https:\/\/www.duzgit.com\/wp-content\/uploads\/2026\/02\/close-up-pen-table_1098-3616.avif","datePublished":"2026-02-21T21:40:13+00:00","dateModified":"2026-02-28T11:05:31+00:00","breadcrumb":{"@id":"https:\/\/www.duzgit.com\/corporate-governance\/#breadcrumb"},"inLanguage":"tr","potentialAction":[{"@type":"ReadAction","target":["https:\/\/www.duzgit.com\/corporate-governance\/"]}]},{"@type":"ImageObject","inLanguage":"tr","@id":"https:\/\/www.duzgit.com\/corporate-governance\/#primaryimage","url":"https:\/\/www.duzgit.com\/wp-content\/uploads\/2026\/02\/close-up-pen-table_1098-3616.avif","contentUrl":"https:\/\/www.duzgit.com\/wp-content\/uploads\/2026\/02\/close-up-pen-table_1098-3616.avif"},{"@type":"BreadcrumbList","@id":"https:\/\/www.duzgit.com\/corporate-governance\/#breadcrumb","itemListElement":[{"@type":"ListItem","position":1,"name":"Home","item":"https:\/\/www.duzgit.com\/"},{"@type":"ListItem","position":2,"name":"Corporate Governance"}]},{"@type":"WebSite","@id":"https:\/\/www.duzgit.com\/#website","url":"https:\/\/www.duzgit.com\/","name":"D\u00fczgit","description":"The Power of Turkey at Sea","publisher":{"@id":"https:\/\/www.duzgit.com\/#organization"},"alternateName":"D\u00fczgit Group Of Companies","potentialAction":[{"@type":"SearchAction","target":{"@type":"EntryPoint","urlTemplate":"https:\/\/www.duzgit.com\/?s={search_term_string}"},"query-input":{"@type":"PropertyValueSpecification","valueRequired":true,"valueName":"search_term_string"}}],"inLanguage":"tr"},{"@type":"Organization","@id":"https:\/\/www.duzgit.com\/#organization","name":"D\u00fczgit","url":"https:\/\/www.duzgit.com\/","logo":{"@type":"ImageObject","inLanguage":"tr","@id":"https:\/\/www.duzgit.com\/#\/schema\/logo\/image\/","url":"https:\/\/www.duzgit.com\/wp-content\/uploads\/2026\/01\/2026-logo-duzgit-1.png","contentUrl":"https:\/\/www.duzgit.com\/wp-content\/uploads\/2026\/01\/2026-logo-duzgit-1.png","width":555,"height":100,"caption":"D\u00fczgit"},"image":{"@id":"https:\/\/www.duzgit.com\/#\/schema\/logo\/image\/"}}]}},"_links":{"self":[{"href":"https:\/\/www.duzgit.com\/tr\/wp-json\/wp\/v2\/pages\/16434","targetHints":{"allow":["GET"]}}],"collection":[{"href":"https:\/\/www.duzgit.com\/tr\/wp-json\/wp\/v2\/pages"}],"about":[{"href":"https:\/\/www.duzgit.com\/tr\/wp-json\/wp\/v2\/types\/page"}],"author":[{"embeddable":true,"href":"https:\/\/www.duzgit.com\/tr\/wp-json\/wp\/v2\/users\/1"}],"replies":[{"embeddable":true,"href":"https:\/\/www.duzgit.com\/tr\/wp-json\/wp\/v2\/comments?post=16434"}],"version-history":[{"count":20,"href":"https:\/\/www.duzgit.com\/tr\/wp-json\/wp\/v2\/pages\/16434\/revisions"}],"predecessor-version":[{"id":17097,"href":"https:\/\/www.duzgit.com\/tr\/wp-json\/wp\/v2\/pages\/16434\/revisions\/17097"}],"wp:attachment":[{"href":"https:\/\/www.duzgit.com\/tr\/wp-json\/wp\/v2\/media?parent=16434"}],"curies":[{"name":"wp","href":"https:\/\/api.w.org\/{rel}","templated":true}]}}