{"id":16448,"date":"2026-02-21T22:01:55","date_gmt":"2026-02-21T22:01:55","guid":{"rendered":"https:\/\/www.duzgit.com\/?page_id=16448"},"modified":"2026-02-28T11:08:12","modified_gmt":"2026-02-28T11:08:12","slug":"environment","status":"publish","type":"page","link":"https:\/\/www.duzgit.com\/tr\/environment\/","title":{"rendered":"\u00c7evre Politikas\u0131"},"content":{"rendered":"<div data-elementor-type=\"wp-page\" data-elementor-id=\"16448\" class=\"elementor elementor-16448\">\n\t\t\t\t        <section class=\"elementor-section elementor-top-section elementor-element elementor-element-7fdbb8d elementor-section-stretched elementor-section-boxed elementor-section-height-default elementor-section-height-default pxl-row-scroll-none pxl-section-overflow-visible pxl-bg-color-none pxl-section-overlay-none\" data-id=\"7fdbb8d\" data-element_type=\"section\" data-e-type=\"section\" data-settings=\"{&quot;stretch_section&quot;:&quot;section-stretched&quot;}\">\n\n                \n                <div class=\"elementor-container elementor-column-gap-extended\">\n                <div class=\"elementor-column elementor-col-50 elementor-top-column elementor-element elementor-element-8a0ad5e pxl-column-none pxl-column-overflow-hidden-no\" data-id=\"8a0ad5e\" data-element_type=\"column\" data-e-type=\"column\">\r\n        <div class=\"elementor-widget-wrap elementor-element-populated\">\r\n                     \r\n        \t\t<div class=\"elementor-element elementor-element-3aa64e2 elementor-widget elementor-widget-pxl_image\" data-id=\"3aa64e2\" data-element_type=\"widget\" data-e-type=\"widget\" data-widget_type=\"pxl_image.default\">\n\t\t\t\t<div class=\"elementor-widget-container\">\n\t\t\t\t\t<div id=\"pxl_image-3aa64e2-3179\" class=\"pxl-image-single  style-default\" data-wow-delay=\"ms\" >\n    <div class=\"pxl-item--inner\" data-wow-delay=\"120ms\">\n        \n                                <div class=\"pxl-item--image\" data-parallax-value=\"\">\n                        <a href=\"https:\/\/www.duzgit.com\/wp-content\/uploads\/2026\/02\/aerial-view-speedboat-sailing-along-river-shore-golden-sand_181624-49999.avif\">                            <img fetchpriority=\"high\" decoding=\"async\" class=\"no-lazyload\" src=\"https:\/\/www.duzgit.com\/wp-content\/uploads\/2026\/02\/aerial-view-speedboat-sailing-along-river-shore-golden-sand_181624-49999.avif\" width=\"626\" height=\"351\" alt=\"aerial-view-speedboat-sailing-along-river-shore-golden-sand_181624-49999\" title=\"aerial-view-speedboat-sailing-along-river-shore-golden-sand_181624-49999\" \/>                        <\/a>                    <\/div>\n                            \n            <\/div>\n<\/div>\t\t\t\t<\/div>\n\t\t\t\t<\/div>\n\t\t            <\/div>\r\n        <\/div>\r\n                <div class=\"elementor-column elementor-col-50 elementor-top-column elementor-element elementor-element-04d01f8 pxl-column-none pxl-column-overflow-hidden-no\" data-id=\"04d01f8\" data-element_type=\"column\" data-e-type=\"column\">\r\n        <div class=\"elementor-widget-wrap elementor-element-populated\">\r\n                     \r\n        \t\t<div class=\"elementor-element elementor-element-cef79f6 elementor-widget elementor-widget-pxl_text_editor\" data-id=\"cef79f6\" data-element_type=\"widget\" data-e-type=\"widget\" data-widget_type=\"pxl_text_editor.default\">\n\t\t\t\t<div class=\"elementor-widget-container\">\n\t\t\t\t\t<div class=\"pxl-text-editor\">\n\t<div class=\"pxl-item--inner\" data-wow-delay=\"ms\">\n\t\t<p>D\u00fczgit Group, \u00e7evreyi korumak ve faaliyetlerinin \u00e7evreye olan etkisini en aza indirmekle y\u00fck\u00fcml\u00fc oldu\u011funu kabul eder.<\/p>\t\t\n\t<\/div>\n<\/div>\t\t\t\t<\/div>\n\t\t\t\t<\/div>\n\t\t\t\t<div class=\"elementor-element elementor-element-62d0e72 elementor-widget elementor-widget-pxl_text_editor\" data-id=\"62d0e72\" data-element_type=\"widget\" data-e-type=\"widget\" data-widget_type=\"pxl_text_editor.default\">\n\t\t\t\t<div class=\"elementor-widget-container\">\n\t\t\t\t\t<div class=\"pxl-text-editor\">\n\t<div class=\"pxl-item--inner\" data-wow-delay=\"ms\">\n\t\t<p>Ba\u011fl\u0131l\u0131klar\u0131m\u0131z:<\/p>\t\t\n\t<\/div>\n<\/div>\t\t\t\t<\/div>\n\t\t\t\t<\/div>\n\t\t\t\t<div class=\"elementor-element elementor-element-3050b24 elementor-widget elementor-widget-pxl_text_editor\" data-id=\"3050b24\" data-element_type=\"widget\" data-e-type=\"widget\" data-widget_type=\"pxl_text_editor.default\">\n\t\t\t\t<div class=\"elementor-widget-container\">\n\t\t\t\t\t<div class=\"pxl-text-editor\">\n\t<div class=\"pxl-item--inner\" data-wow-delay=\"ms\">\n\t\t<li>Hava, deniz ve kara kirlili\u011finin \u00f6nlenmesi<\/li>\n \t<li>MARPOL ve ge\u00e7erli \u00e7evre d\u00fczenlemelerine uygunluk<\/li>\n \t<li>At\u0131klar\u0131 sorumlu bir \u015fekilde y\u00f6netmek<\/li>\n \t<li>S\u00fcrekli iyile\u015ftirme yoluyla \u00e7evresel performans\u0131 art\u0131rma<\/li>\n\t\t\n\t<\/div>\n<\/div>\t\t\t\t<\/div>\n\t\t\t\t<\/div>\n\t\t            <\/div>\r\n        <\/div>\r\n        \t\t\t<\/div>\n\t\t<\/section>\n\t\t        <section class=\"elementor-section elementor-top-section elementor-element elementor-element-96bd25b elementor-section-stretched elementor-section-boxed elementor-section-height-default elementor-section-height-default pxl-row-scroll-none pxl-section-overflow-visible pxl-bg-color-none pxl-section-overlay-none\" data-id=\"96bd25b\" data-element_type=\"section\" data-e-type=\"section\" data-settings=\"{&quot;stretch_section&quot;:&quot;section-stretched&quot;}\">\n\n                \n                <div class=\"elementor-container elementor-column-gap-extended\">\n                <div class=\"elementor-column elementor-col-100 elementor-top-column elementor-element elementor-element-e423df6 pxl-column-none pxl-column-overflow-hidden-no\" data-id=\"e423df6\" data-element_type=\"column\" data-e-type=\"column\">\r\n        <div class=\"elementor-widget-wrap elementor-element-populated\">\r\n                     \r\n        \t\t<div class=\"elementor-element elementor-element-a347dec elementor-widget elementor-widget-pxl_text_editor\" data-id=\"a347dec\" data-element_type=\"widget\" data-e-type=\"widget\" data-widget_type=\"pxl_text_editor.default\">\n\t\t\t\t<div class=\"elementor-widget-container\">\n\t\t\t\t\t<div class=\"pxl-text-editor\">\n\t<div class=\"pxl-item--inner\" data-wow-delay=\"ms\">\n\t\t<p>Operasyonlar\u0131n planlanmas\u0131 ve mal ve hizmetlerin tedarikinde \u00e7evresel fakt\u00f6rler dikkate al\u0131nmaktad\u0131r.<\/p>\t\t\n\t<\/div>\n<\/div>\t\t\t\t<\/div>\n\t\t\t\t<\/div>\n\t\t            <\/div>\r\n        <\/div>\r\n        \t\t\t<\/div>\n\t\t<\/section>\n\t\t\t\t<\/div>","protected":false},"excerpt":{"rendered":"<p>D\u00fczgit Group recognises its responsibility to\u00a0protect the environment\u00a0and minimise the environmental impact of its activities. We are committed to: Preventing pollution of air, sea, and land Complying with MARPOL and applicable environmental regulations Managing waste responsibly Improving environmental performance through continuous improvement Environmental considerations are taken into account when planning operations and procuring goods and [&hellip;]<\/p>\n","protected":false},"author":1,"featured_media":0,"parent":0,"menu_order":0,"comment_status":"closed","ping_status":"closed","template":"","meta":{"footnotes":""},"class_list":["post-16448","page","type-page","status-publish","hentry"],"yoast_head":"<!-- This site is optimized with the Yoast SEO plugin v27.4 - https:\/\/yoast.com\/product\/yoast-seo-wordpress\/ -->\n<title>Environment - D&uuml;zgit<\/title>\n<meta name=\"robots\" content=\"index, follow, max-snippet:-1, max-image-preview:large, max-video-preview:-1\" \/>\n<link rel=\"canonical\" href=\"https:\/\/www.duzgit.com\/tr\/environment\/\" \/>\n<meta property=\"og:locale\" content=\"tr_TR\" \/>\n<meta property=\"og:type\" content=\"article\" \/>\n<meta property=\"og:title\" content=\"Environment - D&uuml;zgit\" \/>\n<meta property=\"og:description\" content=\"D\u00fczgit Group recognises its responsibility to\u00a0protect the environment\u00a0and minimise the environmental impact of its activities. We are committed to: Preventing pollution of air, sea, and land Complying with MARPOL and applicable environmental regulations Managing waste responsibly Improving environmental performance through continuous improvement Environmental considerations are taken into account when planning operations and procuring goods and [&hellip;]\" \/>\n<meta property=\"og:url\" content=\"https:\/\/www.duzgit.com\/tr\/environment\/\" \/>\n<meta property=\"og:site_name\" content=\"D&uuml;zgit\" \/>\n<meta property=\"article:modified_time\" content=\"2026-02-28T11:08:12+00:00\" \/>\n<meta property=\"og:image\" content=\"https:\/\/www.duzgit.com\/wp-content\/uploads\/2026\/02\/aerial-view-speedboat-sailing-along-river-shore-golden-sand_181624-49999.avif\" \/>\n<meta name=\"twitter:card\" content=\"summary_large_image\" \/>\n<meta name=\"twitter:label1\" content=\"Tahmini okuma s\u00fcresi\" \/>\n\t<meta name=\"twitter:data1\" content=\"1 dakika\" \/>\n<script type=\"application\/ld+json\" class=\"yoast-schema-graph\">{\"@context\":\"https:\\\/\\\/schema.org\",\"@graph\":[{\"@type\":\"WebPage\",\"@id\":\"https:\\\/\\\/www.duzgit.com\\\/environment\\\/\",\"url\":\"https:\\\/\\\/www.duzgit.com\\\/environment\\\/\",\"name\":\"Environment - D&uuml;zgit\",\"isPartOf\":{\"@id\":\"https:\\\/\\\/www.duzgit.com\\\/#website\"},\"primaryImageOfPage\":{\"@id\":\"https:\\\/\\\/www.duzgit.com\\\/environment\\\/#primaryimage\"},\"image\":{\"@id\":\"https:\\\/\\\/www.duzgit.com\\\/environment\\\/#primaryimage\"},\"thumbnailUrl\":\"https:\\\/\\\/www.duzgit.com\\\/wp-content\\\/uploads\\\/2026\\\/02\\\/aerial-view-speedboat-sailing-along-river-shore-golden-sand_181624-49999.avif\",\"datePublished\":\"2026-02-21T22:01:55+00:00\",\"dateModified\":\"2026-02-28T11:08:12+00:00\",\"breadcrumb\":{\"@id\":\"https:\\\/\\\/www.duzgit.com\\\/environment\\\/#breadcrumb\"},\"inLanguage\":\"tr\",\"potentialAction\":[{\"@type\":\"ReadAction\",\"target\":[\"https:\\\/\\\/www.duzgit.com\\\/environment\\\/\"]}]},{\"@type\":\"ImageObject\",\"inLanguage\":\"tr\",\"@id\":\"https:\\\/\\\/www.duzgit.com\\\/environment\\\/#primaryimage\",\"url\":\"https:\\\/\\\/www.duzgit.com\\\/wp-content\\\/uploads\\\/2026\\\/02\\\/aerial-view-speedboat-sailing-along-river-shore-golden-sand_181624-49999.avif\",\"contentUrl\":\"https:\\\/\\\/www.duzgit.com\\\/wp-content\\\/uploads\\\/2026\\\/02\\\/aerial-view-speedboat-sailing-along-river-shore-golden-sand_181624-49999.avif\"},{\"@type\":\"BreadcrumbList\",\"@id\":\"https:\\\/\\\/www.duzgit.com\\\/environment\\\/#breadcrumb\",\"itemListElement\":[{\"@type\":\"ListItem\",\"position\":1,\"name\":\"Home\",\"item\":\"https:\\\/\\\/www.duzgit.com\\\/\"},{\"@type\":\"ListItem\",\"position\":2,\"name\":\"Environment\"}]},{\"@type\":\"WebSite\",\"@id\":\"https:\\\/\\\/www.duzgit.com\\\/#website\",\"url\":\"https:\\\/\\\/www.duzgit.com\\\/\",\"name\":\"D\u00fczgit\",\"description\":\"The Power of Turkey at Sea\",\"publisher\":{\"@id\":\"https:\\\/\\\/www.duzgit.com\\\/#organization\"},\"alternateName\":\"D\u00fczgit Group Of Companies\",\"potentialAction\":[{\"@type\":\"SearchAction\",\"target\":{\"@type\":\"EntryPoint\",\"urlTemplate\":\"https:\\\/\\\/www.duzgit.com\\\/?s={search_term_string}\"},\"query-input\":{\"@type\":\"PropertyValueSpecification\",\"valueRequired\":true,\"valueName\":\"search_term_string\"}}],\"inLanguage\":\"tr\"},{\"@type\":\"Organization\",\"@id\":\"https:\\\/\\\/www.duzgit.com\\\/#organization\",\"name\":\"D\u00fczgit\",\"url\":\"https:\\\/\\\/www.duzgit.com\\\/\",\"logo\":{\"@type\":\"ImageObject\",\"inLanguage\":\"tr\",\"@id\":\"https:\\\/\\\/www.duzgit.com\\\/#\\\/schema\\\/logo\\\/image\\\/\",\"url\":\"https:\\\/\\\/www.duzgit.com\\\/wp-content\\\/uploads\\\/2026\\\/01\\\/2026-logo-duzgit-1.png\",\"contentUrl\":\"https:\\\/\\\/www.duzgit.com\\\/wp-content\\\/uploads\\\/2026\\\/01\\\/2026-logo-duzgit-1.png\",\"width\":555,\"height\":100,\"caption\":\"D\u00fczgit\"},\"image\":{\"@id\":\"https:\\\/\\\/www.duzgit.com\\\/#\\\/schema\\\/logo\\\/image\\\/\"}}]}<\/script>\n<!-- \/ Yoast SEO plugin. -->","yoast_head_json":{"title":"Environment - D&uuml;zgit","robots":{"index":"index","follow":"follow","max-snippet":"max-snippet:-1","max-image-preview":"max-image-preview:large","max-video-preview":"max-video-preview:-1"},"canonical":"https:\/\/www.duzgit.com\/tr\/environment\/","og_locale":"tr_TR","og_type":"article","og_title":"Environment - D&uuml;zgit","og_description":"D\u00fczgit Group recognises its responsibility to\u00a0protect the environment\u00a0and minimise the environmental impact of its activities. We are committed to: Preventing pollution of air, sea, and land Complying with MARPOL and applicable environmental regulations Managing waste responsibly Improving environmental performance through continuous improvement Environmental considerations are taken into account when planning operations and procuring goods and [&hellip;]","og_url":"https:\/\/www.duzgit.com\/tr\/environment\/","og_site_name":"D&uuml;zgit","article_modified_time":"2026-02-28T11:08:12+00:00","og_image":[{"url":"https:\/\/www.duzgit.com\/wp-content\/uploads\/2026\/02\/aerial-view-speedboat-sailing-along-river-shore-golden-sand_181624-49999.avif","type":"","width":"","height":""}],"twitter_card":"summary_large_image","twitter_misc":{"Tahmini okuma s\u00fcresi":"1 dakika"},"schema":{"@context":"https:\/\/schema.org","@graph":[{"@type":"WebPage","@id":"https:\/\/www.duzgit.com\/environment\/","url":"https:\/\/www.duzgit.com\/environment\/","name":"Environment - D&uuml;zgit","isPartOf":{"@id":"https:\/\/www.duzgit.com\/#website"},"primaryImageOfPage":{"@id":"https:\/\/www.duzgit.com\/environment\/#primaryimage"},"image":{"@id":"https:\/\/www.duzgit.com\/environment\/#primaryimage"},"thumbnailUrl":"https:\/\/www.duzgit.com\/wp-content\/uploads\/2026\/02\/aerial-view-speedboat-sailing-along-river-shore-golden-sand_181624-49999.avif","datePublished":"2026-02-21T22:01:55+00:00","dateModified":"2026-02-28T11:08:12+00:00","breadcrumb":{"@id":"https:\/\/www.duzgit.com\/environment\/#breadcrumb"},"inLanguage":"tr","potentialAction":[{"@type":"ReadAction","target":["https:\/\/www.duzgit.com\/environment\/"]}]},{"@type":"ImageObject","inLanguage":"tr","@id":"https:\/\/www.duzgit.com\/environment\/#primaryimage","url":"https:\/\/www.duzgit.com\/wp-content\/uploads\/2026\/02\/aerial-view-speedboat-sailing-along-river-shore-golden-sand_181624-49999.avif","contentUrl":"https:\/\/www.duzgit.com\/wp-content\/uploads\/2026\/02\/aerial-view-speedboat-sailing-along-river-shore-golden-sand_181624-49999.avif"},{"@type":"BreadcrumbList","@id":"https:\/\/www.duzgit.com\/environment\/#breadcrumb","itemListElement":[{"@type":"ListItem","position":1,"name":"Home","item":"https:\/\/www.duzgit.com\/"},{"@type":"ListItem","position":2,"name":"Environment"}]},{"@type":"WebSite","@id":"https:\/\/www.duzgit.com\/#website","url":"https:\/\/www.duzgit.com\/","name":"D\u00fczgit","description":"The Power of Turkey at Sea","publisher":{"@id":"https:\/\/www.duzgit.com\/#organization"},"alternateName":"D\u00fczgit Group Of Companies","potentialAction":[{"@type":"SearchAction","target":{"@type":"EntryPoint","urlTemplate":"https:\/\/www.duzgit.com\/?s={search_term_string}"},"query-input":{"@type":"PropertyValueSpecification","valueRequired":true,"valueName":"search_term_string"}}],"inLanguage":"tr"},{"@type":"Organization","@id":"https:\/\/www.duzgit.com\/#organization","name":"D\u00fczgit","url":"https:\/\/www.duzgit.com\/","logo":{"@type":"ImageObject","inLanguage":"tr","@id":"https:\/\/www.duzgit.com\/#\/schema\/logo\/image\/","url":"https:\/\/www.duzgit.com\/wp-content\/uploads\/2026\/01\/2026-logo-duzgit-1.png","contentUrl":"https:\/\/www.duzgit.com\/wp-content\/uploads\/2026\/01\/2026-logo-duzgit-1.png","width":555,"height":100,"caption":"D\u00fczgit"},"image":{"@id":"https:\/\/www.duzgit.com\/#\/schema\/logo\/image\/"}}]}},"_links":{"self":[{"href":"https:\/\/www.duzgit.com\/tr\/wp-json\/wp\/v2\/pages\/16448","targetHints":{"allow":["GET"]}}],"collection":[{"href":"https:\/\/www.duzgit.com\/tr\/wp-json\/wp\/v2\/pages"}],"about":[{"href":"https:\/\/www.duzgit.com\/tr\/wp-json\/wp\/v2\/types\/page"}],"author":[{"embeddable":true,"href":"https:\/\/www.duzgit.com\/tr\/wp-json\/wp\/v2\/users\/1"}],"replies":[{"embeddable":true,"href":"https:\/\/www.duzgit.com\/tr\/wp-json\/wp\/v2\/comments?post=16448"}],"version-history":[{"count":14,"href":"https:\/\/www.duzgit.com\/tr\/wp-json\/wp\/v2\/pages\/16448\/revisions"}],"predecessor-version":[{"id":17106,"href":"https:\/\/www.duzgit.com\/tr\/wp-json\/wp\/v2\/pages\/16448\/revisions\/17106"}],"wp:attachment":[{"href":"https:\/\/www.duzgit.com\/tr\/wp-json\/wp\/v2\/media?parent=16448"}],"curies":[{"name":"wp","href":"https:\/\/api.w.org\/{rel}","templated":true}]}}