{"id":16456,"date":"2026-02-21T22:14:48","date_gmt":"2026-02-21T22:14:48","guid":{"rendered":"https:\/\/www.duzgit.com\/?page_id=16456"},"modified":"2026-02-28T11:11:45","modified_gmt":"2026-02-28T11:11:45","slug":"social-responsbility","status":"publish","type":"page","link":"https:\/\/www.duzgit.com\/tr\/social-responsbility\/","title":{"rendered":"Sosyal Sorumluluk"},"content":{"rendered":"<div data-elementor-type=\"wp-page\" data-elementor-id=\"16456\" class=\"elementor elementor-16456\">\n\t\t\t\t        <section class=\"elementor-section elementor-top-section elementor-element elementor-element-c96b42e elementor-section-stretched elementor-section-boxed elementor-section-height-default elementor-section-height-default pxl-row-scroll-none pxl-section-overflow-visible pxl-bg-color-none pxl-section-overlay-none\" data-id=\"c96b42e\" data-element_type=\"section\" data-e-type=\"section\" data-settings=\"{&quot;stretch_section&quot;:&quot;section-stretched&quot;}\">\n\n                \n                <div class=\"elementor-container elementor-column-gap-extended\">\n                <div class=\"elementor-column elementor-col-50 elementor-top-column elementor-element elementor-element-399651a pxl-column-none pxl-column-overflow-hidden-no\" data-id=\"399651a\" data-element_type=\"column\" data-e-type=\"column\">\r\n        <div class=\"elementor-widget-wrap elementor-element-populated\">\r\n                     \r\n        \t\t<div class=\"elementor-element elementor-element-25727a3 elementor-widget elementor-widget-pxl_image\" data-id=\"25727a3\" data-element_type=\"widget\" data-e-type=\"widget\" data-widget_type=\"pxl_image.default\">\n\t\t\t\t<div class=\"elementor-widget-container\">\n\t\t\t\t\t<div id=\"pxl_image-25727a3-2750\" class=\"pxl-image-single  style-default\" data-wow-delay=\"ms\" >\n    <div class=\"pxl-item--inner\" data-wow-delay=\"120ms\">\n        \n                                <div class=\"pxl-item--image\" data-parallax-value=\"\">\n                        <a href=\"https:\/\/www.duzgit.com\/wp-content\/uploads\/2026\/02\/top-view-friends-eating-seaweed-snacks_23-2150670805.avif\">                            <img fetchpriority=\"high\" decoding=\"async\" class=\"no-lazyload\" src=\"https:\/\/www.duzgit.com\/wp-content\/uploads\/2026\/02\/top-view-friends-eating-seaweed-snacks_23-2150670805.avif\" width=\"626\" height=\"417\" alt=\"top-view-friends-eating-seaweed-snacks_23-2150670805\" title=\"top-view-friends-eating-seaweed-snacks_23-2150670805\" \/>                        <\/a>                    <\/div>\n                            \n            <\/div>\n<\/div>\t\t\t\t<\/div>\n\t\t\t\t<\/div>\n\t\t            <\/div>\r\n        <\/div>\r\n                <div class=\"elementor-column elementor-col-50 elementor-top-column elementor-element elementor-element-3d48e22 pxl-column-none pxl-column-overflow-hidden-no\" data-id=\"3d48e22\" data-element_type=\"column\" data-e-type=\"column\">\r\n        <div class=\"elementor-widget-wrap elementor-element-populated\">\r\n                     \r\n        \t\t<div class=\"elementor-element elementor-element-82ae2fd elementor-widget elementor-widget-pxl_text_editor\" data-id=\"82ae2fd\" data-element_type=\"widget\" data-e-type=\"widget\" data-widget_type=\"pxl_text_editor.default\">\n\t\t\t\t<div class=\"elementor-widget-container\">\n\t\t\t\t\t<div class=\"pxl-text-editor\">\n\t<div class=\"pxl-item--inner\" data-wow-delay=\"ms\">\n\t\t<p>D\u00fczgit Group, \u00e7al\u0131\u015fanlar\u0131na, denizcilere, y\u00fcklenicilere, yerel topluluklara ve topluma kar\u015f\u0131 sorumlulu\u011funun bilincindedir.<\/p>\t\t\n\t<\/div>\n<\/div>\t\t\t\t<\/div>\n\t\t\t\t<\/div>\n\t\t\t\t<div class=\"elementor-element elementor-element-0f8bc05 elementor-widget elementor-widget-pxl_text_editor\" data-id=\"0f8bc05\" data-element_type=\"widget\" data-e-type=\"widget\" data-widget_type=\"pxl_text_editor.default\">\n\t\t\t\t<div class=\"elementor-widget-container\">\n\t\t\t\t\t<div class=\"pxl-text-editor\">\n\t<div class=\"pxl-item--inner\" data-wow-delay=\"ms\">\n\t\t<p>Ba\u011fl\u0131l\u0131klar\u0131m\u0131z:<\/p>\t\t\n\t<\/div>\n<\/div>\t\t\t\t<\/div>\n\t\t\t\t<\/div>\n\t\t\t\t<div class=\"elementor-element elementor-element-06f0810 elementor-widget elementor-widget-pxl_text_editor\" data-id=\"06f0810\" data-element_type=\"widget\" data-e-type=\"widget\" data-widget_type=\"pxl_text_editor.default\">\n\t\t\t\t<div class=\"elementor-widget-container\">\n\t\t\t\t\t<div class=\"pxl-text-editor\">\n\t<div class=\"pxl-item--inner\" data-wow-delay=\"ms\">\n\t\t<li>G\u00fcvenli, sayg\u0131l\u0131 ve kapsay\u0131c\u0131 bir \u00e7al\u0131\u015fma ortam\u0131 sa\u011flamak<\/li>\n \t<li>F\u0131rsat e\u015fitli\u011fini ve ayr\u0131mc\u0131l\u0131k yap\u0131lmamas\u0131n\u0131 te\u015fvik etmek<\/li>\n \t<li>Zorla \u00e7al\u0131\u015ft\u0131rma, \u00e7ocuk i\u015f\u00e7ili\u011fi ve insan ka\u00e7ak\u00e7\u0131l\u0131\u011f\u0131n\u0131n \u00f6nlenmesi<\/li>\n \t<li>E\u011fitim, geli\u015fim ve uzun vadeli kariyer planlamas\u0131n\u0131 desteklemek<\/li>\n\t\t\n\t<\/div>\n<\/div>\t\t\t\t<\/div>\n\t\t\t\t<\/div>\n\t\t            <\/div>\r\n        <\/div>\r\n        \t\t\t<\/div>\n\t\t<\/section>\n\t\t        <section class=\"elementor-section elementor-top-section elementor-element elementor-element-be320b8 elementor-section-stretched elementor-section-boxed elementor-section-height-default elementor-section-height-default pxl-row-scroll-none pxl-section-overflow-visible pxl-bg-color-none pxl-section-overlay-none\" data-id=\"be320b8\" data-element_type=\"section\" data-e-type=\"section\" data-settings=\"{&quot;stretch_section&quot;:&quot;section-stretched&quot;}\">\n\n                \n                <div class=\"elementor-container elementor-column-gap-extended\">\n                <div class=\"elementor-column elementor-col-100 elementor-top-column elementor-element elementor-element-24eea44 pxl-column-none pxl-column-overflow-hidden-no\" data-id=\"24eea44\" data-element_type=\"column\" data-e-type=\"column\">\r\n        <div class=\"elementor-widget-wrap elementor-element-populated\">\r\n                     \r\n        \t\t<div class=\"elementor-element elementor-element-3221104 elementor-widget elementor-widget-pxl_text_editor\" data-id=\"3221104\" data-element_type=\"widget\" data-e-type=\"widget\" data-widget_type=\"pxl_text_editor.default\">\n\t\t\t\t<div class=\"elementor-widget-container\">\n\t\t\t\t\t<div class=\"pxl-text-editor\">\n\t<div class=\"pxl-item--inner\" data-wow-delay=\"ms\">\n\t\t<p>De\u011ferlerimizle uyumlu toplumsal ve hay\u0131rsever giri\u015fimleri destekliyor ve insan haklar\u0131na ve etik \u00e7al\u0131\u015fma uygulamalar\u0131na sayg\u0131 duyan ortaklarla \u00e7al\u0131\u015f\u0131yoruz.<\/p>\t\t\n\t<\/div>\n<\/div>\t\t\t\t<\/div>\n\t\t\t\t<\/div>\n\t\t            <\/div>\r\n        <\/div>\r\n        \t\t\t<\/div>\n\t\t<\/section>\n\t\t\t\t<\/div>","protected":false},"excerpt":{"rendered":"<p>D\u00fczgit Group recognises its responsibility toward its employees, seafarers, contractors, local communities, and society. We are committed to: Providing a safe, respectful, and inclusive working environment Promoting equal opportunity and non-discrimination Preventing forced labour, child labour, and human trafficking Supporting training, development, and long-term career planning We support community and charitable initiatives aligned with our [&hellip;]<\/p>\n","protected":false},"author":1,"featured_media":0,"parent":0,"menu_order":0,"comment_status":"closed","ping_status":"closed","template":"","meta":{"footnotes":""},"class_list":["post-16456","page","type-page","status-publish","hentry"],"yoast_head":"<!-- This site is optimized with the Yoast SEO plugin v27.4 - https:\/\/yoast.com\/product\/yoast-seo-wordpress\/ -->\n<title>Social Responsbility - D&uuml;zgit<\/title>\n<meta name=\"robots\" content=\"index, follow, max-snippet:-1, max-image-preview:large, max-video-preview:-1\" \/>\n<link rel=\"canonical\" href=\"https:\/\/www.duzgit.com\/tr\/social-responsbility\/\" \/>\n<meta property=\"og:locale\" content=\"tr_TR\" \/>\n<meta property=\"og:type\" content=\"article\" \/>\n<meta property=\"og:title\" content=\"Social Responsbility - D&uuml;zgit\" \/>\n<meta property=\"og:description\" content=\"D\u00fczgit Group recognises its responsibility toward its employees, seafarers, contractors, local communities, and society. We are committed to: Providing a safe, respectful, and inclusive working environment Promoting equal opportunity and non-discrimination Preventing forced labour, child labour, and human trafficking Supporting training, development, and long-term career planning We support community and charitable initiatives aligned with our [&hellip;]\" \/>\n<meta property=\"og:url\" content=\"https:\/\/www.duzgit.com\/tr\/social-responsbility\/\" \/>\n<meta property=\"og:site_name\" content=\"D&uuml;zgit\" \/>\n<meta property=\"article:modified_time\" content=\"2026-02-28T11:11:45+00:00\" \/>\n<meta property=\"og:image\" content=\"https:\/\/www.duzgit.com\/wp-content\/uploads\/2026\/02\/top-view-friends-eating-seaweed-snacks_23-2150670805.avif\" \/>\n<meta name=\"twitter:card\" content=\"summary_large_image\" \/>\n<meta name=\"twitter:label1\" content=\"Tahmini okuma s\u00fcresi\" \/>\n\t<meta name=\"twitter:data1\" content=\"1 dakika\" \/>\n<script type=\"application\/ld+json\" class=\"yoast-schema-graph\">{\"@context\":\"https:\\\/\\\/schema.org\",\"@graph\":[{\"@type\":\"WebPage\",\"@id\":\"https:\\\/\\\/www.duzgit.com\\\/social-responsbility\\\/\",\"url\":\"https:\\\/\\\/www.duzgit.com\\\/social-responsbility\\\/\",\"name\":\"Social Responsbility - D&uuml;zgit\",\"isPartOf\":{\"@id\":\"https:\\\/\\\/www.duzgit.com\\\/#website\"},\"primaryImageOfPage\":{\"@id\":\"https:\\\/\\\/www.duzgit.com\\\/social-responsbility\\\/#primaryimage\"},\"image\":{\"@id\":\"https:\\\/\\\/www.duzgit.com\\\/social-responsbility\\\/#primaryimage\"},\"thumbnailUrl\":\"https:\\\/\\\/www.duzgit.com\\\/wp-content\\\/uploads\\\/2026\\\/02\\\/top-view-friends-eating-seaweed-snacks_23-2150670805.avif\",\"datePublished\":\"2026-02-21T22:14:48+00:00\",\"dateModified\":\"2026-02-28T11:11:45+00:00\",\"breadcrumb\":{\"@id\":\"https:\\\/\\\/www.duzgit.com\\\/social-responsbility\\\/#breadcrumb\"},\"inLanguage\":\"tr\",\"potentialAction\":[{\"@type\":\"ReadAction\",\"target\":[\"https:\\\/\\\/www.duzgit.com\\\/social-responsbility\\\/\"]}]},{\"@type\":\"ImageObject\",\"inLanguage\":\"tr\",\"@id\":\"https:\\\/\\\/www.duzgit.com\\\/social-responsbility\\\/#primaryimage\",\"url\":\"https:\\\/\\\/www.duzgit.com\\\/wp-content\\\/uploads\\\/2026\\\/02\\\/top-view-friends-eating-seaweed-snacks_23-2150670805.avif\",\"contentUrl\":\"https:\\\/\\\/www.duzgit.com\\\/wp-content\\\/uploads\\\/2026\\\/02\\\/top-view-friends-eating-seaweed-snacks_23-2150670805.avif\"},{\"@type\":\"BreadcrumbList\",\"@id\":\"https:\\\/\\\/www.duzgit.com\\\/social-responsbility\\\/#breadcrumb\",\"itemListElement\":[{\"@type\":\"ListItem\",\"position\":1,\"name\":\"Home\",\"item\":\"https:\\\/\\\/www.duzgit.com\\\/\"},{\"@type\":\"ListItem\",\"position\":2,\"name\":\"Social Responsbility\"}]},{\"@type\":\"WebSite\",\"@id\":\"https:\\\/\\\/www.duzgit.com\\\/#website\",\"url\":\"https:\\\/\\\/www.duzgit.com\\\/\",\"name\":\"D\u00fczgit\",\"description\":\"The Power of Turkey at Sea\",\"publisher\":{\"@id\":\"https:\\\/\\\/www.duzgit.com\\\/#organization\"},\"alternateName\":\"D\u00fczgit Group Of Companies\",\"potentialAction\":[{\"@type\":\"SearchAction\",\"target\":{\"@type\":\"EntryPoint\",\"urlTemplate\":\"https:\\\/\\\/www.duzgit.com\\\/?s={search_term_string}\"},\"query-input\":{\"@type\":\"PropertyValueSpecification\",\"valueRequired\":true,\"valueName\":\"search_term_string\"}}],\"inLanguage\":\"tr\"},{\"@type\":\"Organization\",\"@id\":\"https:\\\/\\\/www.duzgit.com\\\/#organization\",\"name\":\"D\u00fczgit\",\"url\":\"https:\\\/\\\/www.duzgit.com\\\/\",\"logo\":{\"@type\":\"ImageObject\",\"inLanguage\":\"tr\",\"@id\":\"https:\\\/\\\/www.duzgit.com\\\/#\\\/schema\\\/logo\\\/image\\\/\",\"url\":\"https:\\\/\\\/www.duzgit.com\\\/wp-content\\\/uploads\\\/2026\\\/01\\\/2026-logo-duzgit-1.png\",\"contentUrl\":\"https:\\\/\\\/www.duzgit.com\\\/wp-content\\\/uploads\\\/2026\\\/01\\\/2026-logo-duzgit-1.png\",\"width\":555,\"height\":100,\"caption\":\"D\u00fczgit\"},\"image\":{\"@id\":\"https:\\\/\\\/www.duzgit.com\\\/#\\\/schema\\\/logo\\\/image\\\/\"}}]}<\/script>\n<!-- \/ Yoast SEO plugin. -->","yoast_head_json":{"title":"Social Responsbility - D&uuml;zgit","robots":{"index":"index","follow":"follow","max-snippet":"max-snippet:-1","max-image-preview":"max-image-preview:large","max-video-preview":"max-video-preview:-1"},"canonical":"https:\/\/www.duzgit.com\/tr\/social-responsbility\/","og_locale":"tr_TR","og_type":"article","og_title":"Social Responsbility - D&uuml;zgit","og_description":"D\u00fczgit Group recognises its responsibility toward its employees, seafarers, contractors, local communities, and society. We are committed to: Providing a safe, respectful, and inclusive working environment Promoting equal opportunity and non-discrimination Preventing forced labour, child labour, and human trafficking Supporting training, development, and long-term career planning We support community and charitable initiatives aligned with our [&hellip;]","og_url":"https:\/\/www.duzgit.com\/tr\/social-responsbility\/","og_site_name":"D&uuml;zgit","article_modified_time":"2026-02-28T11:11:45+00:00","og_image":[{"url":"https:\/\/www.duzgit.com\/wp-content\/uploads\/2026\/02\/top-view-friends-eating-seaweed-snacks_23-2150670805.avif","type":"","width":"","height":""}],"twitter_card":"summary_large_image","twitter_misc":{"Tahmini okuma s\u00fcresi":"1 dakika"},"schema":{"@context":"https:\/\/schema.org","@graph":[{"@type":"WebPage","@id":"https:\/\/www.duzgit.com\/social-responsbility\/","url":"https:\/\/www.duzgit.com\/social-responsbility\/","name":"Social Responsbility - D&uuml;zgit","isPartOf":{"@id":"https:\/\/www.duzgit.com\/#website"},"primaryImageOfPage":{"@id":"https:\/\/www.duzgit.com\/social-responsbility\/#primaryimage"},"image":{"@id":"https:\/\/www.duzgit.com\/social-responsbility\/#primaryimage"},"thumbnailUrl":"https:\/\/www.duzgit.com\/wp-content\/uploads\/2026\/02\/top-view-friends-eating-seaweed-snacks_23-2150670805.avif","datePublished":"2026-02-21T22:14:48+00:00","dateModified":"2026-02-28T11:11:45+00:00","breadcrumb":{"@id":"https:\/\/www.duzgit.com\/social-responsbility\/#breadcrumb"},"inLanguage":"tr","potentialAction":[{"@type":"ReadAction","target":["https:\/\/www.duzgit.com\/social-responsbility\/"]}]},{"@type":"ImageObject","inLanguage":"tr","@id":"https:\/\/www.duzgit.com\/social-responsbility\/#primaryimage","url":"https:\/\/www.duzgit.com\/wp-content\/uploads\/2026\/02\/top-view-friends-eating-seaweed-snacks_23-2150670805.avif","contentUrl":"https:\/\/www.duzgit.com\/wp-content\/uploads\/2026\/02\/top-view-friends-eating-seaweed-snacks_23-2150670805.avif"},{"@type":"BreadcrumbList","@id":"https:\/\/www.duzgit.com\/social-responsbility\/#breadcrumb","itemListElement":[{"@type":"ListItem","position":1,"name":"Home","item":"https:\/\/www.duzgit.com\/"},{"@type":"ListItem","position":2,"name":"Social Responsbility"}]},{"@type":"WebSite","@id":"https:\/\/www.duzgit.com\/#website","url":"https:\/\/www.duzgit.com\/","name":"D\u00fczgit","description":"The Power of Turkey at Sea","publisher":{"@id":"https:\/\/www.duzgit.com\/#organization"},"alternateName":"D\u00fczgit Group Of Companies","potentialAction":[{"@type":"SearchAction","target":{"@type":"EntryPoint","urlTemplate":"https:\/\/www.duzgit.com\/?s={search_term_string}"},"query-input":{"@type":"PropertyValueSpecification","valueRequired":true,"valueName":"search_term_string"}}],"inLanguage":"tr"},{"@type":"Organization","@id":"https:\/\/www.duzgit.com\/#organization","name":"D\u00fczgit","url":"https:\/\/www.duzgit.com\/","logo":{"@type":"ImageObject","inLanguage":"tr","@id":"https:\/\/www.duzgit.com\/#\/schema\/logo\/image\/","url":"https:\/\/www.duzgit.com\/wp-content\/uploads\/2026\/01\/2026-logo-duzgit-1.png","contentUrl":"https:\/\/www.duzgit.com\/wp-content\/uploads\/2026\/01\/2026-logo-duzgit-1.png","width":555,"height":100,"caption":"D\u00fczgit"},"image":{"@id":"https:\/\/www.duzgit.com\/#\/schema\/logo\/image\/"}}]}},"_links":{"self":[{"href":"https:\/\/www.duzgit.com\/tr\/wp-json\/wp\/v2\/pages\/16456","targetHints":{"allow":["GET"]}}],"collection":[{"href":"https:\/\/www.duzgit.com\/tr\/wp-json\/wp\/v2\/pages"}],"about":[{"href":"https:\/\/www.duzgit.com\/tr\/wp-json\/wp\/v2\/types\/page"}],"author":[{"embeddable":true,"href":"https:\/\/www.duzgit.com\/tr\/wp-json\/wp\/v2\/users\/1"}],"replies":[{"embeddable":true,"href":"https:\/\/www.duzgit.com\/tr\/wp-json\/wp\/v2\/comments?post=16456"}],"version-history":[{"count":18,"href":"https:\/\/www.duzgit.com\/tr\/wp-json\/wp\/v2\/pages\/16456\/revisions"}],"predecessor-version":[{"id":17115,"href":"https:\/\/www.duzgit.com\/tr\/wp-json\/wp\/v2\/pages\/16456\/revisions\/17115"}],"wp:attachment":[{"href":"https:\/\/www.duzgit.com\/tr\/wp-json\/wp\/v2\/media?parent=16456"}],"curies":[{"name":"wp","href":"https:\/\/api.w.org\/{rel}","templated":true}]}}