{"id":16470,"date":"2026-02-21T22:37:42","date_gmt":"2026-02-21T22:37:42","guid":{"rendered":"https:\/\/www.duzgit.com\/?page_id=16470"},"modified":"2026-02-28T11:15:07","modified_gmt":"2026-02-28T11:15:07","slug":"sanctions-aml","status":"publish","type":"page","link":"https:\/\/www.duzgit.com\/tr\/sanctions-aml\/","title":{"rendered":"Yapt\u0131r\u0131mlar ve KPAM"},"content":{"rendered":"<div data-elementor-type=\"wp-page\" data-elementor-id=\"16470\" class=\"elementor elementor-16470\">\n\t\t\t\t        <section class=\"elementor-section elementor-top-section elementor-element elementor-element-008ccf6 elementor-section-stretched elementor-section-boxed elementor-section-height-default elementor-section-height-default pxl-row-scroll-none pxl-section-overflow-visible pxl-bg-color-none pxl-section-overlay-none\" data-id=\"008ccf6\" data-element_type=\"section\" data-e-type=\"section\" data-settings=\"{&quot;stretch_section&quot;:&quot;section-stretched&quot;}\">\n\n                \n                <div class=\"elementor-container elementor-column-gap-extended\">\n                <div class=\"elementor-column elementor-col-50 elementor-top-column elementor-element elementor-element-3161244 pxl-column-none pxl-column-overflow-hidden-no\" data-id=\"3161244\" data-element_type=\"column\" data-e-type=\"column\">\r\n        <div class=\"elementor-widget-wrap elementor-element-populated\">\r\n                     \r\n        \t\t<div class=\"elementor-element elementor-element-066c0fb elementor-widget elementor-widget-pxl_image\" data-id=\"066c0fb\" data-element_type=\"widget\" data-e-type=\"widget\" data-widget_type=\"pxl_image.default\">\n\t\t\t\t<div class=\"elementor-widget-container\">\n\t\t\t\t\t<div id=\"pxl_image-066c0fb-4616\" class=\"pxl-image-single  style-default\" data-wow-delay=\"ms\" >\n    <div class=\"pxl-item--inner\" data-wow-delay=\"120ms\">\n        \n                                <div class=\"pxl-item--image\" data-parallax-value=\"\">\n                        <a href=\"https:\/\/www.duzgit.com\/wp-content\/uploads\/2026\/02\/paper-boat-globe_23-2147793507.avif\">                            <img fetchpriority=\"high\" decoding=\"async\" class=\"no-lazyload\" src=\"https:\/\/www.duzgit.com\/wp-content\/uploads\/2026\/02\/paper-boat-globe_23-2147793507.avif\" width=\"626\" height=\"352\" alt=\"paper-boat-globe_23-2147793507\" title=\"paper-boat-globe_23-2147793507\" \/>                        <\/a>                    <\/div>\n                            \n            <\/div>\n<\/div>\t\t\t\t<\/div>\n\t\t\t\t<\/div>\n\t\t            <\/div>\r\n        <\/div>\r\n                <div class=\"elementor-column elementor-col-50 elementor-top-column elementor-element elementor-element-a7a7501 pxl-column-none pxl-column-overflow-hidden-no\" data-id=\"a7a7501\" data-element_type=\"column\" data-e-type=\"column\">\r\n        <div class=\"elementor-widget-wrap elementor-element-populated\">\r\n                     \r\n        \t\t<div class=\"elementor-element elementor-element-2327ece elementor-widget elementor-widget-pxl_text_editor\" data-id=\"2327ece\" data-element_type=\"widget\" data-e-type=\"widget\" data-widget_type=\"pxl_text_editor.default\">\n\t\t\t\t<div class=\"elementor-widget-container\">\n\t\t\t\t\t<div class=\"pxl-text-editor\">\n\t<div class=\"pxl-item--inner\" data-wow-delay=\"ms\">\n\t\t<p>D\u00fczgit Group, t\u00fcm ticari faaliyetlerini y\u00fcr\u00fcrl\u00fckteki uluslararas\u0131 yapt\u0131r\u0131mlar ve kara para aklama ile m\u00fccadele yasalar\u0131na uygun olarak y\u00fcr\u00fctmektedir.<\/p>\t\t\n\t<\/div>\n<\/div>\t\t\t\t<\/div>\n\t\t\t\t<\/div>\n\t\t\t\t<div class=\"elementor-element elementor-element-f672c6f elementor-widget elementor-widget-pxl_text_editor\" data-id=\"f672c6f\" data-element_type=\"widget\" data-e-type=\"widget\" data-widget_type=\"pxl_text_editor.default\">\n\t\t\t\t<div class=\"elementor-widget-container\">\n\t\t\t\t\t<div class=\"pxl-text-editor\">\n\t<div class=\"pxl-item--inner\" data-wow-delay=\"ms\">\n\t\t<p>A\u015fa\u011f\u0131daki kurumlar taraf\u0131ndan uygulanan yapt\u0131r\u0131m kuralar\u0131na uyuyoruz:<\/p>\t\t\n\t<\/div>\n<\/div>\t\t\t\t<\/div>\n\t\t\t\t<\/div>\n\t\t\t\t<div class=\"elementor-element elementor-element-a3d3cc9 elementor-widget elementor-widget-pxl_text_editor\" data-id=\"a3d3cc9\" data-element_type=\"widget\" data-e-type=\"widget\" data-widget_type=\"pxl_text_editor.default\">\n\t\t\t\t<div class=\"elementor-widget-container\">\n\t\t\t\t\t<div class=\"pxl-text-editor\">\n\t<div class=\"pxl-item--inner\" data-wow-delay=\"ms\">\n\t\t<li>Birle\u015fmi\u015f Milletler<\/li>\n \t<li>T\u00fcrkiye Cumhuriyeti<\/li>\n \t<li>Avrupa Birli\u011fi<\/li>\n \t<li>Amerika Birle\u015fik Devletleri (OFAC)<\/li>\n \t<li>Di\u011fer ilgili makamlar<\/li>\n\t\t\n\t<\/div>\n<\/div>\t\t\t\t<\/div>\n\t\t\t\t<\/div>\n\t\t            <\/div>\r\n        <\/div>\r\n        \t\t\t<\/div>\n\t\t<\/section>\n\t\t        <section class=\"elementor-section elementor-top-section elementor-element elementor-element-5681766 elementor-section-stretched elementor-section-boxed elementor-section-height-default elementor-section-height-default pxl-row-scroll-none pxl-section-overflow-visible pxl-bg-color-none pxl-section-overlay-none\" data-id=\"5681766\" data-element_type=\"section\" data-e-type=\"section\" data-settings=\"{&quot;stretch_section&quot;:&quot;section-stretched&quot;}\">\n\n                \n                <div class=\"elementor-container elementor-column-gap-extended\">\n                <div class=\"elementor-column elementor-col-100 elementor-top-column elementor-element elementor-element-24bb3d5 pxl-column-none pxl-column-overflow-hidden-no\" data-id=\"24bb3d5\" data-element_type=\"column\" data-e-type=\"column\">\r\n        <div class=\"elementor-widget-wrap elementor-element-populated\">\r\n                     \r\n        \t\t<div class=\"elementor-element elementor-element-a24b859 elementor-widget elementor-widget-pxl_text_editor\" data-id=\"a24b859\" data-element_type=\"widget\" data-e-type=\"widget\" data-widget_type=\"pxl_text_editor.default\">\n\t\t\t\t<div class=\"elementor-widget-container\">\n\t\t\t\t\t<div class=\"pxl-text-editor\">\n\t<div class=\"pxl-item--inner\" data-wow-delay=\"ms\">\n\t\t<p>Yapt\u0131r\u0131m uygulanan \u00fclkeler, kurulu\u015flar, ki\u015filer, gemiler veya yasaklanm\u0131\u015f y\u00fcklerle ilgili faaliyetlerde bulunmuyoruz ve yapt\u0131r\u0131mlardan ka\u00e7\u0131nma giri\u015fimlerini desteklemiyoruz. Kar\u015f\u0131 taraf taramas\u0131, i\u015flem incelemesi ve gemi hareketlerinin izlenmesi dahil olmak \u00fczere risk temelli bir yakla\u015f\u0131m uygulanmaktad\u0131r. \u00c7al\u0131\u015fanlar ve ortaklar, misilleme korkusu olmadan \u015f\u00fcpheli yapt\u0131r\u0131mlar veya AML ile ilgili endi\u015felerini bildirmeleri i\u00e7in te\u015fvik edilmektedir.<\/p>\t\t\n\t<\/div>\n<\/div>\t\t\t\t<\/div>\n\t\t\t\t<\/div>\n\t\t            <\/div>\r\n        <\/div>\r\n        \t\t\t<\/div>\n\t\t<\/section>\n\t\t\t\t<\/div>","protected":false},"excerpt":{"rendered":"<p>D\u00fczgit Group conducts all business activities in compliance with applicable\u00a0international sanctions and anti-money laundering laws. We comply with sanctions regimes imposed by: The United Nations The Republic of T\u00fcrkiye The European Union The United States (OFAC) Other relevant authorities We do not engage in activities involving sanctioned countries, entities, individuals, vessels, or prohibited cargoes, nor [&hellip;]<\/p>\n","protected":false},"author":1,"featured_media":0,"parent":0,"menu_order":0,"comment_status":"closed","ping_status":"closed","template":"","meta":{"footnotes":""},"class_list":["post-16470","page","type-page","status-publish","hentry"],"yoast_head":"<!-- This site is optimized with the Yoast SEO plugin v27.4 - https:\/\/yoast.com\/product\/yoast-seo-wordpress\/ -->\n<title>Sanctions &amp; AML - D&uuml;zgit<\/title>\n<meta name=\"robots\" content=\"index, follow, max-snippet:-1, max-image-preview:large, max-video-preview:-1\" \/>\n<link rel=\"canonical\" href=\"https:\/\/www.duzgit.com\/tr\/sanctions-aml\/\" \/>\n<meta property=\"og:locale\" content=\"tr_TR\" \/>\n<meta property=\"og:type\" content=\"article\" \/>\n<meta property=\"og:title\" content=\"Sanctions &amp; AML - D&uuml;zgit\" \/>\n<meta property=\"og:description\" content=\"D\u00fczgit Group conducts all business activities in compliance with applicable\u00a0international sanctions and anti-money laundering laws. We comply with sanctions regimes imposed by: The United Nations The Republic of T\u00fcrkiye The European Union The United States (OFAC) Other relevant authorities We do not engage in activities involving sanctioned countries, entities, individuals, vessels, or prohibited cargoes, nor [&hellip;]\" \/>\n<meta property=\"og:url\" content=\"https:\/\/www.duzgit.com\/tr\/sanctions-aml\/\" \/>\n<meta property=\"og:site_name\" content=\"D&uuml;zgit\" \/>\n<meta property=\"article:modified_time\" content=\"2026-02-28T11:15:07+00:00\" \/>\n<meta property=\"og:image\" content=\"https:\/\/www.duzgit.com\/wp-content\/uploads\/2026\/02\/paper-boat-globe_23-2147793507.avif\" \/>\n<meta name=\"twitter:card\" content=\"summary_large_image\" \/>\n<meta name=\"twitter:label1\" content=\"Tahmini okuma s\u00fcresi\" \/>\n\t<meta name=\"twitter:data1\" content=\"1 dakika\" \/>\n<script type=\"application\/ld+json\" class=\"yoast-schema-graph\">{\"@context\":\"https:\\\/\\\/schema.org\",\"@graph\":[{\"@type\":\"WebPage\",\"@id\":\"https:\\\/\\\/www.duzgit.com\\\/sanctions-aml\\\/\",\"url\":\"https:\\\/\\\/www.duzgit.com\\\/sanctions-aml\\\/\",\"name\":\"Sanctions & AML - D&uuml;zgit\",\"isPartOf\":{\"@id\":\"https:\\\/\\\/www.duzgit.com\\\/#website\"},\"primaryImageOfPage\":{\"@id\":\"https:\\\/\\\/www.duzgit.com\\\/sanctions-aml\\\/#primaryimage\"},\"image\":{\"@id\":\"https:\\\/\\\/www.duzgit.com\\\/sanctions-aml\\\/#primaryimage\"},\"thumbnailUrl\":\"https:\\\/\\\/www.duzgit.com\\\/wp-content\\\/uploads\\\/2026\\\/02\\\/paper-boat-globe_23-2147793507.avif\",\"datePublished\":\"2026-02-21T22:37:42+00:00\",\"dateModified\":\"2026-02-28T11:15:07+00:00\",\"breadcrumb\":{\"@id\":\"https:\\\/\\\/www.duzgit.com\\\/sanctions-aml\\\/#breadcrumb\"},\"inLanguage\":\"tr\",\"potentialAction\":[{\"@type\":\"ReadAction\",\"target\":[\"https:\\\/\\\/www.duzgit.com\\\/sanctions-aml\\\/\"]}]},{\"@type\":\"ImageObject\",\"inLanguage\":\"tr\",\"@id\":\"https:\\\/\\\/www.duzgit.com\\\/sanctions-aml\\\/#primaryimage\",\"url\":\"https:\\\/\\\/www.duzgit.com\\\/wp-content\\\/uploads\\\/2026\\\/02\\\/paper-boat-globe_23-2147793507.avif\",\"contentUrl\":\"https:\\\/\\\/www.duzgit.com\\\/wp-content\\\/uploads\\\/2026\\\/02\\\/paper-boat-globe_23-2147793507.avif\"},{\"@type\":\"BreadcrumbList\",\"@id\":\"https:\\\/\\\/www.duzgit.com\\\/sanctions-aml\\\/#breadcrumb\",\"itemListElement\":[{\"@type\":\"ListItem\",\"position\":1,\"name\":\"Home\",\"item\":\"https:\\\/\\\/www.duzgit.com\\\/\"},{\"@type\":\"ListItem\",\"position\":2,\"name\":\"Sanctions &#038; AML\"}]},{\"@type\":\"WebSite\",\"@id\":\"https:\\\/\\\/www.duzgit.com\\\/#website\",\"url\":\"https:\\\/\\\/www.duzgit.com\\\/\",\"name\":\"D\u00fczgit\",\"description\":\"The Power of Turkey at Sea\",\"publisher\":{\"@id\":\"https:\\\/\\\/www.duzgit.com\\\/#organization\"},\"alternateName\":\"D\u00fczgit Group Of Companies\",\"potentialAction\":[{\"@type\":\"SearchAction\",\"target\":{\"@type\":\"EntryPoint\",\"urlTemplate\":\"https:\\\/\\\/www.duzgit.com\\\/?s={search_term_string}\"},\"query-input\":{\"@type\":\"PropertyValueSpecification\",\"valueRequired\":true,\"valueName\":\"search_term_string\"}}],\"inLanguage\":\"tr\"},{\"@type\":\"Organization\",\"@id\":\"https:\\\/\\\/www.duzgit.com\\\/#organization\",\"name\":\"D\u00fczgit\",\"url\":\"https:\\\/\\\/www.duzgit.com\\\/\",\"logo\":{\"@type\":\"ImageObject\",\"inLanguage\":\"tr\",\"@id\":\"https:\\\/\\\/www.duzgit.com\\\/#\\\/schema\\\/logo\\\/image\\\/\",\"url\":\"https:\\\/\\\/www.duzgit.com\\\/wp-content\\\/uploads\\\/2026\\\/01\\\/2026-logo-duzgit-1.png\",\"contentUrl\":\"https:\\\/\\\/www.duzgit.com\\\/wp-content\\\/uploads\\\/2026\\\/01\\\/2026-logo-duzgit-1.png\",\"width\":555,\"height\":100,\"caption\":\"D\u00fczgit\"},\"image\":{\"@id\":\"https:\\\/\\\/www.duzgit.com\\\/#\\\/schema\\\/logo\\\/image\\\/\"}}]}<\/script>\n<!-- \/ Yoast SEO plugin. -->","yoast_head_json":{"title":"Sanctions & AML - D&uuml;zgit","robots":{"index":"index","follow":"follow","max-snippet":"max-snippet:-1","max-image-preview":"max-image-preview:large","max-video-preview":"max-video-preview:-1"},"canonical":"https:\/\/www.duzgit.com\/tr\/sanctions-aml\/","og_locale":"tr_TR","og_type":"article","og_title":"Sanctions & AML - D&uuml;zgit","og_description":"D\u00fczgit Group conducts all business activities in compliance with applicable\u00a0international sanctions and anti-money laundering laws. We comply with sanctions regimes imposed by: The United Nations The Republic of T\u00fcrkiye The European Union The United States (OFAC) Other relevant authorities We do not engage in activities involving sanctioned countries, entities, individuals, vessels, or prohibited cargoes, nor [&hellip;]","og_url":"https:\/\/www.duzgit.com\/tr\/sanctions-aml\/","og_site_name":"D&uuml;zgit","article_modified_time":"2026-02-28T11:15:07+00:00","og_image":[{"url":"https:\/\/www.duzgit.com\/wp-content\/uploads\/2026\/02\/paper-boat-globe_23-2147793507.avif","type":"","width":"","height":""}],"twitter_card":"summary_large_image","twitter_misc":{"Tahmini okuma s\u00fcresi":"1 dakika"},"schema":{"@context":"https:\/\/schema.org","@graph":[{"@type":"WebPage","@id":"https:\/\/www.duzgit.com\/sanctions-aml\/","url":"https:\/\/www.duzgit.com\/sanctions-aml\/","name":"Sanctions & AML - D&uuml;zgit","isPartOf":{"@id":"https:\/\/www.duzgit.com\/#website"},"primaryImageOfPage":{"@id":"https:\/\/www.duzgit.com\/sanctions-aml\/#primaryimage"},"image":{"@id":"https:\/\/www.duzgit.com\/sanctions-aml\/#primaryimage"},"thumbnailUrl":"https:\/\/www.duzgit.com\/wp-content\/uploads\/2026\/02\/paper-boat-globe_23-2147793507.avif","datePublished":"2026-02-21T22:37:42+00:00","dateModified":"2026-02-28T11:15:07+00:00","breadcrumb":{"@id":"https:\/\/www.duzgit.com\/sanctions-aml\/#breadcrumb"},"inLanguage":"tr","potentialAction":[{"@type":"ReadAction","target":["https:\/\/www.duzgit.com\/sanctions-aml\/"]}]},{"@type":"ImageObject","inLanguage":"tr","@id":"https:\/\/www.duzgit.com\/sanctions-aml\/#primaryimage","url":"https:\/\/www.duzgit.com\/wp-content\/uploads\/2026\/02\/paper-boat-globe_23-2147793507.avif","contentUrl":"https:\/\/www.duzgit.com\/wp-content\/uploads\/2026\/02\/paper-boat-globe_23-2147793507.avif"},{"@type":"BreadcrumbList","@id":"https:\/\/www.duzgit.com\/sanctions-aml\/#breadcrumb","itemListElement":[{"@type":"ListItem","position":1,"name":"Home","item":"https:\/\/www.duzgit.com\/"},{"@type":"ListItem","position":2,"name":"Sanctions &#038; AML"}]},{"@type":"WebSite","@id":"https:\/\/www.duzgit.com\/#website","url":"https:\/\/www.duzgit.com\/","name":"D\u00fczgit","description":"The Power of Turkey at Sea","publisher":{"@id":"https:\/\/www.duzgit.com\/#organization"},"alternateName":"D\u00fczgit Group Of Companies","potentialAction":[{"@type":"SearchAction","target":{"@type":"EntryPoint","urlTemplate":"https:\/\/www.duzgit.com\/?s={search_term_string}"},"query-input":{"@type":"PropertyValueSpecification","valueRequired":true,"valueName":"search_term_string"}}],"inLanguage":"tr"},{"@type":"Organization","@id":"https:\/\/www.duzgit.com\/#organization","name":"D\u00fczgit","url":"https:\/\/www.duzgit.com\/","logo":{"@type":"ImageObject","inLanguage":"tr","@id":"https:\/\/www.duzgit.com\/#\/schema\/logo\/image\/","url":"https:\/\/www.duzgit.com\/wp-content\/uploads\/2026\/01\/2026-logo-duzgit-1.png","contentUrl":"https:\/\/www.duzgit.com\/wp-content\/uploads\/2026\/01\/2026-logo-duzgit-1.png","width":555,"height":100,"caption":"D\u00fczgit"},"image":{"@id":"https:\/\/www.duzgit.com\/#\/schema\/logo\/image\/"}}]}},"_links":{"self":[{"href":"https:\/\/www.duzgit.com\/tr\/wp-json\/wp\/v2\/pages\/16470","targetHints":{"allow":["GET"]}}],"collection":[{"href":"https:\/\/www.duzgit.com\/tr\/wp-json\/wp\/v2\/pages"}],"about":[{"href":"https:\/\/www.duzgit.com\/tr\/wp-json\/wp\/v2\/types\/page"}],"author":[{"embeddable":true,"href":"https:\/\/www.duzgit.com\/tr\/wp-json\/wp\/v2\/users\/1"}],"replies":[{"embeddable":true,"href":"https:\/\/www.duzgit.com\/tr\/wp-json\/wp\/v2\/comments?post=16470"}],"version-history":[{"count":8,"href":"https:\/\/www.duzgit.com\/tr\/wp-json\/wp\/v2\/pages\/16470\/revisions"}],"predecessor-version":[{"id":17124,"href":"https:\/\/www.duzgit.com\/tr\/wp-json\/wp\/v2\/pages\/16470\/revisions\/17124"}],"wp:attachment":[{"href":"https:\/\/www.duzgit.com\/tr\/wp-json\/wp\/v2\/media?parent=16470"}],"curies":[{"name":"wp","href":"https:\/\/api.w.org\/{rel}","templated":true}]}}