{"id":16483,"date":"2026-02-21T23:09:49","date_gmt":"2026-02-21T23:09:49","guid":{"rendered":"https:\/\/www.duzgit.com\/?page_id=16483"},"modified":"2026-02-28T10:19:27","modified_gmt":"2026-02-28T10:19:27","slug":"career-opportunities","status":"publish","type":"page","link":"https:\/\/www.duzgit.com\/tr\/career-opportunities\/","title":{"rendered":"Kariyer F\u0131rsatlar\u0131"},"content":{"rendered":"<div data-elementor-type=\"wp-page\" data-elementor-id=\"16483\" class=\"elementor elementor-16483\">\n\t\t\t\t        <section class=\"elementor-section elementor-top-section elementor-element elementor-element-fb92068 elementor-section-stretched elementor-section-boxed elementor-section-height-default elementor-section-height-default pxl-row-scroll-none pxl-section-overflow-visible pxl-bg-color-none pxl-section-overlay-none\" data-id=\"fb92068\" data-element_type=\"section\" data-e-type=\"section\" data-settings=\"{&quot;stretch_section&quot;:&quot;section-stretched&quot;}\">\n\n                \n                <div class=\"elementor-container elementor-column-gap-extended\">\n                <div class=\"elementor-column elementor-col-50 elementor-top-column elementor-element elementor-element-e605103 pxl-column-none pxl-column-overflow-hidden-no\" data-id=\"e605103\" data-element_type=\"column\" data-e-type=\"column\">\r\n        <div class=\"elementor-widget-wrap elementor-element-populated\">\r\n                     \r\n        \t\t<div class=\"elementor-element elementor-element-d32949b elementor-widget elementor-widget-pxl_image\" data-id=\"d32949b\" data-element_type=\"widget\" data-e-type=\"widget\" data-widget_type=\"pxl_image.default\">\n\t\t\t\t<div class=\"elementor-widget-container\">\n\t\t\t\t\t<div id=\"pxl_image-d32949b-9601\" class=\"pxl-image-single  style-default\" data-wow-delay=\"ms\" >\n    <div class=\"pxl-item--inner\" data-wow-delay=\"120ms\">\n        \n                                <div class=\"pxl-item--image\" data-parallax-value=\"\">\n                        <a href=\"https:\/\/www.duzgit.com\/wp-content\/uploads\/2026\/02\/moment-captured-migration-crisis-with-people_23-2150901832.avif\">                            <img fetchpriority=\"high\" decoding=\"async\" class=\"no-lazyload\" src=\"https:\/\/www.duzgit.com\/wp-content\/uploads\/2026\/02\/moment-captured-migration-crisis-with-people_23-2150901832.avif\" width=\"626\" height=\"351\" alt=\"moment-captured-migration-crisis-with-people_23-2150901832\" title=\"moment-captured-migration-crisis-with-people_23-2150901832\" \/>                        <\/a>                    <\/div>\n                            \n            <\/div>\n<\/div>\t\t\t\t<\/div>\n\t\t\t\t<\/div>\n\t\t            <\/div>\r\n        <\/div>\r\n                <div class=\"elementor-column elementor-col-50 elementor-top-column elementor-element elementor-element-9cc0c98 pxl-column-none pxl-column-overflow-hidden-no\" data-id=\"9cc0c98\" data-element_type=\"column\" data-e-type=\"column\">\r\n        <div class=\"elementor-widget-wrap elementor-element-populated\">\r\n                     \r\n        \t\t<div class=\"elementor-element elementor-element-e0f5a56 elementor-widget elementor-widget-pxl_text_editor\" data-id=\"e0f5a56\" data-element_type=\"widget\" data-e-type=\"widget\" data-widget_type=\"pxl_text_editor.default\">\n\t\t\t\t<div class=\"elementor-widget-container\">\n\t\t\t\t\t<div class=\"pxl-text-editor\">\n\t<div class=\"pxl-item--inner\" data-wow-delay=\"ms\">\n\t\t<p data-start=\"156\" data-end=\"350\">\u015eirketimiz, sayg\u0131l\u0131 ve kapsay\u0131c\u0131 bir \u00e7al\u0131\u015fma ortam\u0131nda adil ve e\u015fit kariyer f\u0131rsatlar\u0131 sunarak nitelikli profesyonelleri \u00e7ekmeye, geli\u015ftirmeye ve elde tutmaya kararl\u0131d\u0131r.<\/p><p data-start=\"352\" data-end=\"542\">S\u00fcrekli \u00f6\u011frenmeyi, performans geli\u015fimini ve uzun vadeli kariyer b\u00fcy\u00fcmesini destekleyerek, \u00e7al\u0131\u015fanlar\u0131m\u0131z\u0131n hem ki\u015fisel hedefleri hem de kurumsal hedefler do\u011frultusunda kariyerlerini in\u015fa etmelerini sa\u011fl\u0131yoruz.<\/p>\t\t\n\t<\/div>\n<\/div>\t\t\t\t<\/div>\n\t\t\t\t<\/div>\n\t\t            <\/div>\r\n        <\/div>\r\n        \t\t\t<\/div>\n\t\t<\/section>\n\t\t<div class=\"elementor-element elementor-element-dd262dc e-flex e-con-boxed e-con e-parent\" data-id=\"dd262dc\" data-element_type=\"container\" data-e-type=\"container\">\t\t\t<div class=\"e-con-inner\">\r\n\t\t<div class=\"elementor-element elementor-element-1ffa517 e-con-full e-flex e-con e-child\" data-id=\"1ffa517\" data-element_type=\"container\" data-e-type=\"container\">\t\t<div class=\"elementor-element elementor-element-678b5d9 elementor-widget elementor-widget-pxl_heading\" data-id=\"678b5d9\" data-element_type=\"widget\" data-e-type=\"widget\" data-widget_type=\"pxl_heading.default\">\n\t\t\t\t<div class=\"elementor-widget-container\">\n\t\t\t\t\t<div id=\"pxl-pxl_heading-678b5d9-6132\" class=\"pxl-heading pxl-heading--tcustom px-sub-title-box-style\">\n\t<div class=\"pxl-heading--inner\">\n\t\t\t\t\t\n\t<h3 class=\"pxl-item--title\" data-wow-delay=\"ms\">\n\tPozisyonlar\u0131m\u0131z\t\t\t\n\t<\/h3>\n\t\n<\/div>\n<\/div>\t\t\t\t<\/div>\n\t\t\t\t<\/div>\n\t\t\t\t<div class=\"elementor-element elementor-element-7358b94 elementor-widget elementor-widget-pxl_text_editor\" data-id=\"7358b94\" data-element_type=\"widget\" data-e-type=\"widget\" data-widget_type=\"pxl_text_editor.default\">\n\t\t\t\t<div class=\"elementor-widget-container\">\n\t\t\t\t\t<div class=\"pxl-text-editor\">\n\t<div class=\"pxl-item--inner\" data-wow-delay=\"ms\">\n\t\t<p data-start=\"156\" data-end=\"350\">D\u00fczgit Ailesinin Bir Par\u00e7as\u0131 Olun<\/p>\t\t\n\t<\/div>\n<\/div>\t\t\t\t<\/div>\n\t\t\t\t<\/div>\n\t\t\t\t<div class=\"elementor-element elementor-element-ac56e1b elementor-align-center elementor-widget elementor-widget-pxl_button\" data-id=\"ac56e1b\" data-element_type=\"widget\" data-e-type=\"widget\" data-widget_type=\"pxl_button.default\">\n\t\t\t\t<div class=\"elementor-widget-container\">\n\t\t\t\t\t<div id=\"pxl-pxl_button-ac56e1b-3803\" class=\"pxl-button  full\" data-wow-delay=\"ms\">\n                <a href=\"https:\/\/docs.google.com\/forms\/d\/e\/1FAIpQLSdcqYQSqDuPvnYAu1WfK4y1ZljhtNAsYEwAQgPSSNSis8Dn4w\/viewform\" class=\"btn btn-default top-left pxl-icon-active btn-primary  pxl-icon--right\" data-wow-delay=\"ms\">\n                <i aria-hidden=\"true\" class=\"fas fa-chart-network\"><\/i>                <span class=\"pxl--btn-text\" data-text=\"JOIN US\">\n                Bize Kat\u0131l\u0131n                <\/span>\n                 \n            <\/a>\n        <\/div>\t\t\t\t<\/div>\n\t\t\t\t<\/div>\n\t\t\t\t<\/div>\r\n\t\t<div class=\"elementor-element elementor-element-e61bc33 e-con-full e-flex e-con e-child\" data-id=\"e61bc33\" data-element_type=\"container\" data-e-type=\"container\"><div class=\"elementor-element elementor-element-be98c3e e-con-full e-flex e-con e-child\" data-id=\"be98c3e\" data-element_type=\"container\" data-e-type=\"container\">\t\t<div class=\"elementor-element elementor-element-6256487 elementor-position-top elementor-widget elementor-widget-image-box\" data-id=\"6256487\" data-element_type=\"widget\" data-e-type=\"widget\" data-widget_type=\"image-box.default\">\n\t\t\t\t\t<div class=\"elementor-image-box-wrapper\"><figure class=\"elementor-image-box-img\"><a href=\"https:\/\/www.kariyer.net\/firma-profil\/duzgit-gemi-insa-sanayi-a-s-19455-10379\" tabindex=\"-1\"><img decoding=\"async\" width=\"555\" height=\"200\" src=\"https:\/\/www.duzgit.com\/wp-content\/uploads\/2026\/02\/kariyer.jpg\" class=\"attachment-full size-full wp-image-15398\" alt=\"\" srcset=\"https:\/\/www.duzgit.com\/wp-content\/uploads\/2026\/02\/kariyer.jpg 555w, https:\/\/www.duzgit.com\/wp-content\/uploads\/2026\/02\/kariyer-300x108.jpg 300w\" sizes=\"(max-width: 555px) 100vw, 555px\" \/><\/a><\/figure><\/div>\t\t\t\t<\/div>\n\t\t\t\t<\/div>\r\n\t\t<div class=\"elementor-element elementor-element-3741f63 e-con-full e-flex e-con e-child\" data-id=\"3741f63\" data-element_type=\"container\" data-e-type=\"container\">\t\t<div class=\"elementor-element elementor-element-9dfe16e elementor-position-top elementor-widget elementor-widget-image-box\" data-id=\"9dfe16e\" data-element_type=\"widget\" data-e-type=\"widget\" data-widget_type=\"image-box.default\">\n\t\t\t\t\t<div class=\"elementor-image-box-wrapper\"><figure class=\"elementor-image-box-img\"><a href=\"https:\/\/tr.linkedin.com\/company\/duzgit-group\" tabindex=\"-1\"><img decoding=\"async\" width=\"555\" height=\"200\" src=\"https:\/\/www.duzgit.com\/wp-content\/uploads\/2026\/02\/linkedin.jpg\" class=\"attachment-full size-full wp-image-15399\" alt=\"\" srcset=\"https:\/\/www.duzgit.com\/wp-content\/uploads\/2026\/02\/linkedin.jpg 555w, https:\/\/www.duzgit.com\/wp-content\/uploads\/2026\/02\/linkedin-300x108.jpg 300w\" sizes=\"(max-width: 555px) 100vw, 555px\" \/><\/a><\/figure><\/div>\t\t\t\t<\/div>\n\t\t\t\t<\/div>\r\n\t\t<div class=\"elementor-element elementor-element-d1238ec e-con-full e-flex e-con e-child\" data-id=\"d1238ec\" data-element_type=\"container\" data-e-type=\"container\">\t\t<div class=\"elementor-element elementor-element-69bfa93 elementor-position-top elementor-widget elementor-widget-image-box\" data-id=\"69bfa93\" data-element_type=\"widget\" data-e-type=\"widget\" data-widget_type=\"image-box.default\">\n\t\t\t\t\t<div class=\"elementor-image-box-wrapper\"><figure class=\"elementor-image-box-img\"><a href=\"https:\/\/duzgit.maritimetrainer.com\/login\/index.php\" tabindex=\"-1\"><img loading=\"lazy\" decoding=\"async\" width=\"555\" height=\"200\" src=\"https:\/\/www.duzgit.com\/wp-content\/uploads\/2026\/02\/marite-trainer.jpg\" class=\"attachment-full size-full wp-image-15404\" alt=\"\" srcset=\"https:\/\/www.duzgit.com\/wp-content\/uploads\/2026\/02\/marite-trainer.jpg 555w, https:\/\/www.duzgit.com\/wp-content\/uploads\/2026\/02\/marite-trainer-300x108.jpg 300w\" sizes=\"(max-width: 555px) 100vw, 555px\" \/><\/a><\/figure><\/div>\t\t\t\t<\/div>\n\t\t\t\t<\/div>\r\n\t\t\t\t<\/div>\r\n\t\t\t\t\t<\/div>\r\n\t\t\t\t<\/div>\r\n\t\t\t\t<\/div>","protected":false},"excerpt":{"rendered":"<p>Our company is committed to attracting, developing, and retaining qualified professionals by providing fair and equal\u00a0career opportunities\u00a0within a respectful and inclusive work environment. We support continuous learning, performance development, and long-term career growth, enabling our employees to build their careers in line with both personal goals and corporate objectives. Our Open Positions Be Part Of [&hellip;]<\/p>\n","protected":false},"author":1,"featured_media":0,"parent":0,"menu_order":0,"comment_status":"closed","ping_status":"closed","template":"","meta":{"footnotes":""},"class_list":["post-16483","page","type-page","status-publish","hentry"],"yoast_head":"<!-- This site is optimized with the Yoast SEO plugin v27.4 - https:\/\/yoast.com\/product\/yoast-seo-wordpress\/ -->\n<title>Career Opportunities - D&uuml;zgit<\/title>\n<meta name=\"robots\" content=\"index, follow, max-snippet:-1, max-image-preview:large, max-video-preview:-1\" \/>\n<link rel=\"canonical\" href=\"https:\/\/www.duzgit.com\/tr\/career-opportunities\/\" \/>\n<meta property=\"og:locale\" content=\"tr_TR\" \/>\n<meta property=\"og:type\" content=\"article\" \/>\n<meta property=\"og:title\" content=\"Career Opportunities - D&uuml;zgit\" \/>\n<meta property=\"og:description\" content=\"Our company is committed to attracting, developing, and retaining qualified professionals by providing fair and equal\u00a0career opportunities\u00a0within a respectful and inclusive work environment. We support continuous learning, performance development, and long-term career growth, enabling our employees to build their careers in line with both personal goals and corporate objectives. Our Open Positions Be Part Of [&hellip;]\" \/>\n<meta property=\"og:url\" content=\"https:\/\/www.duzgit.com\/tr\/career-opportunities\/\" \/>\n<meta property=\"og:site_name\" content=\"D&uuml;zgit\" \/>\n<meta property=\"article:modified_time\" content=\"2026-02-28T10:19:27+00:00\" \/>\n<meta property=\"og:image\" content=\"https:\/\/www.duzgit.com\/wp-content\/uploads\/2026\/02\/moment-captured-migration-crisis-with-people_23-2150901832.avif\" \/>\n<meta name=\"twitter:card\" content=\"summary_large_image\" \/>\n<meta name=\"twitter:label1\" content=\"Tahmini okuma s\u00fcresi\" \/>\n\t<meta name=\"twitter:data1\" content=\"1 dakika\" \/>\n<script type=\"application\/ld+json\" class=\"yoast-schema-graph\">{\"@context\":\"https:\\\/\\\/schema.org\",\"@graph\":[{\"@type\":\"WebPage\",\"@id\":\"https:\\\/\\\/www.duzgit.com\\\/career-opportunities\\\/\",\"url\":\"https:\\\/\\\/www.duzgit.com\\\/career-opportunities\\\/\",\"name\":\"Career Opportunities - D&uuml;zgit\",\"isPartOf\":{\"@id\":\"https:\\\/\\\/www.duzgit.com\\\/#website\"},\"primaryImageOfPage\":{\"@id\":\"https:\\\/\\\/www.duzgit.com\\\/career-opportunities\\\/#primaryimage\"},\"image\":{\"@id\":\"https:\\\/\\\/www.duzgit.com\\\/career-opportunities\\\/#primaryimage\"},\"thumbnailUrl\":\"https:\\\/\\\/www.duzgit.com\\\/wp-content\\\/uploads\\\/2026\\\/02\\\/moment-captured-migration-crisis-with-people_23-2150901832.avif\",\"datePublished\":\"2026-02-21T23:09:49+00:00\",\"dateModified\":\"2026-02-28T10:19:27+00:00\",\"breadcrumb\":{\"@id\":\"https:\\\/\\\/www.duzgit.com\\\/career-opportunities\\\/#breadcrumb\"},\"inLanguage\":\"tr\",\"potentialAction\":[{\"@type\":\"ReadAction\",\"target\":[\"https:\\\/\\\/www.duzgit.com\\\/career-opportunities\\\/\"]}]},{\"@type\":\"ImageObject\",\"inLanguage\":\"tr\",\"@id\":\"https:\\\/\\\/www.duzgit.com\\\/career-opportunities\\\/#primaryimage\",\"url\":\"https:\\\/\\\/www.duzgit.com\\\/wp-content\\\/uploads\\\/2026\\\/02\\\/moment-captured-migration-crisis-with-people_23-2150901832.avif\",\"contentUrl\":\"https:\\\/\\\/www.duzgit.com\\\/wp-content\\\/uploads\\\/2026\\\/02\\\/moment-captured-migration-crisis-with-people_23-2150901832.avif\"},{\"@type\":\"BreadcrumbList\",\"@id\":\"https:\\\/\\\/www.duzgit.com\\\/career-opportunities\\\/#breadcrumb\",\"itemListElement\":[{\"@type\":\"ListItem\",\"position\":1,\"name\":\"Home\",\"item\":\"https:\\\/\\\/www.duzgit.com\\\/\"},{\"@type\":\"ListItem\",\"position\":2,\"name\":\"Career Opportunities\"}]},{\"@type\":\"WebSite\",\"@id\":\"https:\\\/\\\/www.duzgit.com\\\/#website\",\"url\":\"https:\\\/\\\/www.duzgit.com\\\/\",\"name\":\"D\u00fczgit\",\"description\":\"The Power of Turkey at Sea\",\"publisher\":{\"@id\":\"https:\\\/\\\/www.duzgit.com\\\/#organization\"},\"alternateName\":\"D\u00fczgit Group Of Companies\",\"potentialAction\":[{\"@type\":\"SearchAction\",\"target\":{\"@type\":\"EntryPoint\",\"urlTemplate\":\"https:\\\/\\\/www.duzgit.com\\\/?s={search_term_string}\"},\"query-input\":{\"@type\":\"PropertyValueSpecification\",\"valueRequired\":true,\"valueName\":\"search_term_string\"}}],\"inLanguage\":\"tr\"},{\"@type\":\"Organization\",\"@id\":\"https:\\\/\\\/www.duzgit.com\\\/#organization\",\"name\":\"D\u00fczgit\",\"url\":\"https:\\\/\\\/www.duzgit.com\\\/\",\"logo\":{\"@type\":\"ImageObject\",\"inLanguage\":\"tr\",\"@id\":\"https:\\\/\\\/www.duzgit.com\\\/#\\\/schema\\\/logo\\\/image\\\/\",\"url\":\"https:\\\/\\\/www.duzgit.com\\\/wp-content\\\/uploads\\\/2026\\\/01\\\/2026-logo-duzgit-1.png\",\"contentUrl\":\"https:\\\/\\\/www.duzgit.com\\\/wp-content\\\/uploads\\\/2026\\\/01\\\/2026-logo-duzgit-1.png\",\"width\":555,\"height\":100,\"caption\":\"D\u00fczgit\"},\"image\":{\"@id\":\"https:\\\/\\\/www.duzgit.com\\\/#\\\/schema\\\/logo\\\/image\\\/\"}}]}<\/script>\n<!-- \/ Yoast SEO plugin. -->","yoast_head_json":{"title":"Career Opportunities - D&uuml;zgit","robots":{"index":"index","follow":"follow","max-snippet":"max-snippet:-1","max-image-preview":"max-image-preview:large","max-video-preview":"max-video-preview:-1"},"canonical":"https:\/\/www.duzgit.com\/tr\/career-opportunities\/","og_locale":"tr_TR","og_type":"article","og_title":"Career Opportunities - D&uuml;zgit","og_description":"Our company is committed to attracting, developing, and retaining qualified professionals by providing fair and equal\u00a0career opportunities\u00a0within a respectful and inclusive work environment. We support continuous learning, performance development, and long-term career growth, enabling our employees to build their careers in line with both personal goals and corporate objectives. Our Open Positions Be Part Of [&hellip;]","og_url":"https:\/\/www.duzgit.com\/tr\/career-opportunities\/","og_site_name":"D&uuml;zgit","article_modified_time":"2026-02-28T10:19:27+00:00","og_image":[{"url":"https:\/\/www.duzgit.com\/wp-content\/uploads\/2026\/02\/moment-captured-migration-crisis-with-people_23-2150901832.avif","type":"","width":"","height":""}],"twitter_card":"summary_large_image","twitter_misc":{"Tahmini okuma s\u00fcresi":"1 dakika"},"schema":{"@context":"https:\/\/schema.org","@graph":[{"@type":"WebPage","@id":"https:\/\/www.duzgit.com\/career-opportunities\/","url":"https:\/\/www.duzgit.com\/career-opportunities\/","name":"Career Opportunities - D&uuml;zgit","isPartOf":{"@id":"https:\/\/www.duzgit.com\/#website"},"primaryImageOfPage":{"@id":"https:\/\/www.duzgit.com\/career-opportunities\/#primaryimage"},"image":{"@id":"https:\/\/www.duzgit.com\/career-opportunities\/#primaryimage"},"thumbnailUrl":"https:\/\/www.duzgit.com\/wp-content\/uploads\/2026\/02\/moment-captured-migration-crisis-with-people_23-2150901832.avif","datePublished":"2026-02-21T23:09:49+00:00","dateModified":"2026-02-28T10:19:27+00:00","breadcrumb":{"@id":"https:\/\/www.duzgit.com\/career-opportunities\/#breadcrumb"},"inLanguage":"tr","potentialAction":[{"@type":"ReadAction","target":["https:\/\/www.duzgit.com\/career-opportunities\/"]}]},{"@type":"ImageObject","inLanguage":"tr","@id":"https:\/\/www.duzgit.com\/career-opportunities\/#primaryimage","url":"https:\/\/www.duzgit.com\/wp-content\/uploads\/2026\/02\/moment-captured-migration-crisis-with-people_23-2150901832.avif","contentUrl":"https:\/\/www.duzgit.com\/wp-content\/uploads\/2026\/02\/moment-captured-migration-crisis-with-people_23-2150901832.avif"},{"@type":"BreadcrumbList","@id":"https:\/\/www.duzgit.com\/career-opportunities\/#breadcrumb","itemListElement":[{"@type":"ListItem","position":1,"name":"Home","item":"https:\/\/www.duzgit.com\/"},{"@type":"ListItem","position":2,"name":"Career Opportunities"}]},{"@type":"WebSite","@id":"https:\/\/www.duzgit.com\/#website","url":"https:\/\/www.duzgit.com\/","name":"D\u00fczgit","description":"The Power of Turkey at Sea","publisher":{"@id":"https:\/\/www.duzgit.com\/#organization"},"alternateName":"D\u00fczgit Group Of Companies","potentialAction":[{"@type":"SearchAction","target":{"@type":"EntryPoint","urlTemplate":"https:\/\/www.duzgit.com\/?s={search_term_string}"},"query-input":{"@type":"PropertyValueSpecification","valueRequired":true,"valueName":"search_term_string"}}],"inLanguage":"tr"},{"@type":"Organization","@id":"https:\/\/www.duzgit.com\/#organization","name":"D\u00fczgit","url":"https:\/\/www.duzgit.com\/","logo":{"@type":"ImageObject","inLanguage":"tr","@id":"https:\/\/www.duzgit.com\/#\/schema\/logo\/image\/","url":"https:\/\/www.duzgit.com\/wp-content\/uploads\/2026\/01\/2026-logo-duzgit-1.png","contentUrl":"https:\/\/www.duzgit.com\/wp-content\/uploads\/2026\/01\/2026-logo-duzgit-1.png","width":555,"height":100,"caption":"D\u00fczgit"},"image":{"@id":"https:\/\/www.duzgit.com\/#\/schema\/logo\/image\/"}}]}},"_links":{"self":[{"href":"https:\/\/www.duzgit.com\/tr\/wp-json\/wp\/v2\/pages\/16483","targetHints":{"allow":["GET"]}}],"collection":[{"href":"https:\/\/www.duzgit.com\/tr\/wp-json\/wp\/v2\/pages"}],"about":[{"href":"https:\/\/www.duzgit.com\/tr\/wp-json\/wp\/v2\/types\/page"}],"author":[{"embeddable":true,"href":"https:\/\/www.duzgit.com\/tr\/wp-json\/wp\/v2\/users\/1"}],"replies":[{"embeddable":true,"href":"https:\/\/www.duzgit.com\/tr\/wp-json\/wp\/v2\/comments?post=16483"}],"version-history":[{"count":11,"href":"https:\/\/www.duzgit.com\/tr\/wp-json\/wp\/v2\/pages\/16483\/revisions"}],"predecessor-version":[{"id":17012,"href":"https:\/\/www.duzgit.com\/tr\/wp-json\/wp\/v2\/pages\/16483\/revisions\/17012"}],"wp:attachment":[{"href":"https:\/\/www.duzgit.com\/tr\/wp-json\/wp\/v2\/media?parent=16483"}],"curies":[{"name":"wp","href":"https:\/\/api.w.org\/{rel}","templated":true}]}}