{"id":16492,"date":"2026-02-21T23:16:22","date_gmt":"2026-02-21T23:16:22","guid":{"rendered":"https:\/\/www.duzgit.com\/?page_id=16492"},"modified":"2026-02-28T09:59:36","modified_gmt":"2026-02-28T09:59:36","slug":"headquarters","status":"publish","type":"page","link":"https:\/\/www.duzgit.com\/tr\/headquarters\/","title":{"rendered":"Merkez Ofis"},"content":{"rendered":"<div data-elementor-type=\"wp-page\" data-elementor-id=\"16492\" class=\"elementor elementor-16492\">\n\t\t\t\t        <section class=\"elementor-section elementor-top-section elementor-element elementor-element-637fc7d elementor-section-stretched elementor-section-boxed elementor-section-height-default elementor-section-height-default pxl-row-scroll-none pxl-section-overflow-visible pxl-bg-color-none pxl-section-overlay-none\" data-id=\"637fc7d\" data-element_type=\"section\" data-e-type=\"section\" data-settings=\"{&quot;stretch_section&quot;:&quot;section-stretched&quot;}\">\n\n                \n                <div class=\"elementor-container elementor-column-gap-extended\">\n                <div class=\"elementor-column elementor-col-50 elementor-top-column elementor-element elementor-element-5d989bd pxl-column-none pxl-column-overflow-hidden-no\" data-id=\"5d989bd\" data-element_type=\"column\" data-e-type=\"column\">\r\n        <div class=\"elementor-widget-wrap elementor-element-populated\">\r\n                     \r\n        \t\t<div class=\"elementor-element elementor-element-7ceec54 elementor-widget elementor-widget-pxl_heading\" data-id=\"7ceec54\" data-element_type=\"widget\" data-e-type=\"widget\" data-widget_type=\"pxl_heading.default\">\n\t\t\t\t<div class=\"elementor-widget-container\">\n\t\t\t\t\t<div id=\"pxl-pxl_heading-7ceec54-6609\" class=\"pxl-heading pxl-heading--tcustom px-sub-title-box-style\">\n\t<div class=\"pxl-heading--inner\">\n\t\t\t\t\n\t\t<div class=\"pxl-item--subtitle px-sub-title-box\" data-wow-delay=\"ms\">\n\t\t\t<span class=\"pxl-item--subtext\">\n\t\t\t\t\t\t\t\tD\u00fczgit \u015eirketler Grubu\t\t\t<\/span>\n\t\t<\/div>\n\t\t\n\t<h3 class=\"pxl-item--title\" data-wow-delay=\"ms\">\n\t\u0130leti\u015fim Bilgileri\t\t\t\n\t<\/h3>\n\t\n<\/div>\n<\/div>\t\t\t\t<\/div>\n\t\t\t\t<\/div>\n\t\t\t\t<div class=\"elementor-element elementor-element-76058ae elementor-widget elementor-widget-text-editor\" data-id=\"76058ae\" data-element_type=\"widget\" data-e-type=\"widget\" data-widget_type=\"text-editor.default\">\n\t\t\t\t\t\t\t\t\t<p><strong>Mail<\/strong>: info@duzgit.com<\/p><p><strong>Telefon<\/strong>: +90 212 3450539<\/p><p><strong>Adres<\/strong>: Maslak Mah. Eski B\u00fcy\u00fckdere Cad. No:14, Park Plaza Kat:11 Sar\u0131yer 34467 \u0130stanbul<\/p>\t\t\t\t\t\t\t\t<\/div>\n\t\t\t\t<div class=\"elementor-element elementor-element-05e9607 elementor-widget elementor-widget-google_maps\" data-id=\"05e9607\" data-element_type=\"widget\" data-e-type=\"widget\" data-widget_type=\"google_maps.default\">\n\t\t\t\t\t\t\t<div class=\"elementor-custom-embed\">\n\t\t\t<iframe loading=\"lazy\"\n\t\t\t\t\tsrc=\"https:\/\/maps.google.com\/maps?q=Re%C5%9Fitpa%C5%9Fa%20Mah.%20Eski%20B%C3%BCy%C3%BCkdere%20Cd.%20Park%20Plaza%20No%3A14%20Kat%3A11&#038;t=m&#038;z=16&#038;output=embed&#038;iwloc=near\"\n\t\t\t\t\ttitle=\"Re\u015fitpa\u015fa Mah. Eski B\u00fcy\u00fckdere Cd. Park Plaza No:14 Kat:11\"\n\t\t\t\t\taria-label=\"Re\u015fitpa\u015fa Mah. Eski B\u00fcy\u00fckdere Cd. Park Plaza No:14 Kat:11\"\n\t\t\t><\/iframe>\n\t\t<\/div>\n\t\t\t\t\t\t<\/div>\n\t\t            <\/div>\r\n        <\/div>\r\n                <div class=\"elementor-column elementor-col-50 elementor-top-column elementor-element elementor-element-9b2c879 pxl-column-none pxl-column-overflow-hidden-no\" data-id=\"9b2c879\" data-element_type=\"column\" data-e-type=\"column\">\r\n        <div class=\"elementor-widget-wrap elementor-element-populated\">\r\n                     \r\n        \t\t<div class=\"elementor-element elementor-element-a937d06 elementor-widget elementor-widget-html\" data-id=\"a937d06\" data-element_type=\"widget\" data-e-type=\"widget\" data-widget_type=\"html.default\">\n\t\t\t\t\t<iframe src=\"https:\/\/docs.google.com\/forms\/d\/e\/1FAIpQLScuMPgJaG_HFelmM6xykzNhjgT6m1ygvZlj7wc5BnNHA1YTZw\/viewform?embedded=true\" width=\"640\" height=\"999\" frameborder=\"0\" marginheight=\"0\" marginwidth=\"0\">Y\u00fckleniyor\u2026<\/iframe>\t\t\t\t<\/div>\n\t\t            <\/div>\r\n        <\/div>\r\n        \t\t\t<\/div>\n\t\t<\/section>\n\t\t\t\t<\/div>","protected":false},"excerpt":{"rendered":"<p>D\u00fczgit Group Of Companies Contact Information Mail: info@duzgit.com Phone: +90 212 3450539 Address: Maslak Mah. Eski B\u00fcy\u00fckdere Cad. No:14, Park Plaza Kat:11 Sar\u0131yer 34467 \u0130stanbul Y\u00fckleniyor\u2026<\/p>","protected":false},"author":1,"featured_media":0,"parent":0,"menu_order":0,"comment_status":"closed","ping_status":"closed","template":"","meta":{"footnotes":""},"class_list":["post-16492","page","type-page","status-publish","hentry"],"yoast_head":"<!-- This site is optimized with the Yoast SEO plugin v27.4 - https:\/\/yoast.com\/product\/yoast-seo-wordpress\/ -->\n<title>Headquarters - D&uuml;zgit<\/title>\n<meta name=\"robots\" content=\"index, follow, max-snippet:-1, max-image-preview:large, max-video-preview:-1\" \/>\n<link rel=\"canonical\" href=\"https:\/\/www.duzgit.com\/tr\/headquarters\/\" \/>\n<meta property=\"og:locale\" content=\"tr_TR\" \/>\n<meta property=\"og:type\" content=\"article\" \/>\n<meta property=\"og:title\" content=\"Headquarters - D&uuml;zgit\" \/>\n<meta property=\"og:description\" content=\"D\u00fczgit Group Of Companies Contact Information Mail: info@duzgit.com Phone: +90 212 3450539 Address: Maslak Mah. Eski B\u00fcy\u00fckdere Cad. No:14, Park Plaza Kat:11 Sar\u0131yer 34467 \u0130stanbul Y\u00fckleniyor\u2026\" \/>\n<meta property=\"og:url\" content=\"https:\/\/www.duzgit.com\/tr\/headquarters\/\" \/>\n<meta property=\"og:site_name\" content=\"D&uuml;zgit\" \/>\n<meta property=\"article:modified_time\" content=\"2026-02-28T09:59:36+00:00\" \/>\n<meta property=\"og:image\" content=\"https:\/\/www.duzgit.com\/wp-content\/uploads\/2026\/01\/logg0-1200.jpg\" \/>\n\t<meta property=\"og:image:width\" content=\"1200\" \/>\n\t<meta property=\"og:image:height\" content=\"675\" \/>\n\t<meta property=\"og:image:type\" content=\"image\/jpeg\" \/>\n<meta name=\"twitter:card\" content=\"summary_large_image\" \/>\n<meta name=\"twitter:label1\" content=\"Tahmini okuma s\u00fcresi\" \/>\n\t<meta name=\"twitter:data1\" content=\"1 dakika\" \/>\n<script type=\"application\/ld+json\" class=\"yoast-schema-graph\">{\"@context\":\"https:\\\/\\\/schema.org\",\"@graph\":[{\"@type\":\"WebPage\",\"@id\":\"https:\\\/\\\/www.duzgit.com\\\/headquarters\\\/\",\"url\":\"https:\\\/\\\/www.duzgit.com\\\/headquarters\\\/\",\"name\":\"Headquarters - D&uuml;zgit\",\"isPartOf\":{\"@id\":\"https:\\\/\\\/www.duzgit.com\\\/#website\"},\"datePublished\":\"2026-02-21T23:16:22+00:00\",\"dateModified\":\"2026-02-28T09:59:36+00:00\",\"breadcrumb\":{\"@id\":\"https:\\\/\\\/www.duzgit.com\\\/headquarters\\\/#breadcrumb\"},\"inLanguage\":\"tr\",\"potentialAction\":[{\"@type\":\"ReadAction\",\"target\":[\"https:\\\/\\\/www.duzgit.com\\\/headquarters\\\/\"]}]},{\"@type\":\"BreadcrumbList\",\"@id\":\"https:\\\/\\\/www.duzgit.com\\\/headquarters\\\/#breadcrumb\",\"itemListElement\":[{\"@type\":\"ListItem\",\"position\":1,\"name\":\"Home\",\"item\":\"https:\\\/\\\/www.duzgit.com\\\/\"},{\"@type\":\"ListItem\",\"position\":2,\"name\":\"Headquarters\"}]},{\"@type\":\"WebSite\",\"@id\":\"https:\\\/\\\/www.duzgit.com\\\/#website\",\"url\":\"https:\\\/\\\/www.duzgit.com\\\/\",\"name\":\"D\u00fczgit\",\"description\":\"The Power of Turkey at Sea\",\"publisher\":{\"@id\":\"https:\\\/\\\/www.duzgit.com\\\/#organization\"},\"alternateName\":\"D\u00fczgit Group Of Companies\",\"potentialAction\":[{\"@type\":\"SearchAction\",\"target\":{\"@type\":\"EntryPoint\",\"urlTemplate\":\"https:\\\/\\\/www.duzgit.com\\\/?s={search_term_string}\"},\"query-input\":{\"@type\":\"PropertyValueSpecification\",\"valueRequired\":true,\"valueName\":\"search_term_string\"}}],\"inLanguage\":\"tr\"},{\"@type\":\"Organization\",\"@id\":\"https:\\\/\\\/www.duzgit.com\\\/#organization\",\"name\":\"D\u00fczgit\",\"url\":\"https:\\\/\\\/www.duzgit.com\\\/\",\"logo\":{\"@type\":\"ImageObject\",\"inLanguage\":\"tr\",\"@id\":\"https:\\\/\\\/www.duzgit.com\\\/#\\\/schema\\\/logo\\\/image\\\/\",\"url\":\"https:\\\/\\\/www.duzgit.com\\\/wp-content\\\/uploads\\\/2026\\\/01\\\/2026-logo-duzgit-1.png\",\"contentUrl\":\"https:\\\/\\\/www.duzgit.com\\\/wp-content\\\/uploads\\\/2026\\\/01\\\/2026-logo-duzgit-1.png\",\"width\":555,\"height\":100,\"caption\":\"D\u00fczgit\"},\"image\":{\"@id\":\"https:\\\/\\\/www.duzgit.com\\\/#\\\/schema\\\/logo\\\/image\\\/\"}}]}<\/script>\n<!-- \/ Yoast SEO plugin. -->","yoast_head_json":{"title":"Headquarters - D&uuml;zgit","robots":{"index":"index","follow":"follow","max-snippet":"max-snippet:-1","max-image-preview":"max-image-preview:large","max-video-preview":"max-video-preview:-1"},"canonical":"https:\/\/www.duzgit.com\/tr\/headquarters\/","og_locale":"tr_TR","og_type":"article","og_title":"Headquarters - D&uuml;zgit","og_description":"D\u00fczgit Group Of Companies Contact Information Mail: info@duzgit.com Phone: +90 212 3450539 Address: Maslak Mah. Eski B\u00fcy\u00fckdere Cad. No:14, Park Plaza Kat:11 Sar\u0131yer 34467 \u0130stanbul Y\u00fckleniyor\u2026","og_url":"https:\/\/www.duzgit.com\/tr\/headquarters\/","og_site_name":"D&uuml;zgit","article_modified_time":"2026-02-28T09:59:36+00:00","og_image":[{"width":1200,"height":675,"url":"https:\/\/www.duzgit.com\/wp-content\/uploads\/2026\/01\/logg0-1200.jpg","type":"image\/jpeg"}],"twitter_card":"summary_large_image","twitter_misc":{"Tahmini okuma s\u00fcresi":"1 dakika"},"schema":{"@context":"https:\/\/schema.org","@graph":[{"@type":"WebPage","@id":"https:\/\/www.duzgit.com\/headquarters\/","url":"https:\/\/www.duzgit.com\/headquarters\/","name":"Headquarters - D&uuml;zgit","isPartOf":{"@id":"https:\/\/www.duzgit.com\/#website"},"datePublished":"2026-02-21T23:16:22+00:00","dateModified":"2026-02-28T09:59:36+00:00","breadcrumb":{"@id":"https:\/\/www.duzgit.com\/headquarters\/#breadcrumb"},"inLanguage":"tr","potentialAction":[{"@type":"ReadAction","target":["https:\/\/www.duzgit.com\/headquarters\/"]}]},{"@type":"BreadcrumbList","@id":"https:\/\/www.duzgit.com\/headquarters\/#breadcrumb","itemListElement":[{"@type":"ListItem","position":1,"name":"Home","item":"https:\/\/www.duzgit.com\/"},{"@type":"ListItem","position":2,"name":"Headquarters"}]},{"@type":"WebSite","@id":"https:\/\/www.duzgit.com\/#website","url":"https:\/\/www.duzgit.com\/","name":"D\u00fczgit","description":"The Power of Turkey at Sea","publisher":{"@id":"https:\/\/www.duzgit.com\/#organization"},"alternateName":"D\u00fczgit Group Of Companies","potentialAction":[{"@type":"SearchAction","target":{"@type":"EntryPoint","urlTemplate":"https:\/\/www.duzgit.com\/?s={search_term_string}"},"query-input":{"@type":"PropertyValueSpecification","valueRequired":true,"valueName":"search_term_string"}}],"inLanguage":"tr"},{"@type":"Organization","@id":"https:\/\/www.duzgit.com\/#organization","name":"D\u00fczgit","url":"https:\/\/www.duzgit.com\/","logo":{"@type":"ImageObject","inLanguage":"tr","@id":"https:\/\/www.duzgit.com\/#\/schema\/logo\/image\/","url":"https:\/\/www.duzgit.com\/wp-content\/uploads\/2026\/01\/2026-logo-duzgit-1.png","contentUrl":"https:\/\/www.duzgit.com\/wp-content\/uploads\/2026\/01\/2026-logo-duzgit-1.png","width":555,"height":100,"caption":"D\u00fczgit"},"image":{"@id":"https:\/\/www.duzgit.com\/#\/schema\/logo\/image\/"}}]}},"_links":{"self":[{"href":"https:\/\/www.duzgit.com\/tr\/wp-json\/wp\/v2\/pages\/16492","targetHints":{"allow":["GET"]}}],"collection":[{"href":"https:\/\/www.duzgit.com\/tr\/wp-json\/wp\/v2\/pages"}],"about":[{"href":"https:\/\/www.duzgit.com\/tr\/wp-json\/wp\/v2\/types\/page"}],"author":[{"embeddable":true,"href":"https:\/\/www.duzgit.com\/tr\/wp-json\/wp\/v2\/users\/1"}],"replies":[{"embeddable":true,"href":"https:\/\/www.duzgit.com\/tr\/wp-json\/wp\/v2\/comments?post=16492"}],"version-history":[{"count":5,"href":"https:\/\/www.duzgit.com\/tr\/wp-json\/wp\/v2\/pages\/16492\/revisions"}],"predecessor-version":[{"id":16980,"href":"https:\/\/www.duzgit.com\/tr\/wp-json\/wp\/v2\/pages\/16492\/revisions\/16980"}],"wp:attachment":[{"href":"https:\/\/www.duzgit.com\/tr\/wp-json\/wp\/v2\/media?parent=16492"}],"curies":[{"name":"wp","href":"https:\/\/api.w.org\/{rel}","templated":true}]}}